{"id":924,"date":"2020-02-17T08:41:45","date_gmt":"2020-02-17T06:41:45","guid":{"rendered":"https:\/\/calculatie.azglorieux.be\/patienten\/uw-verblijf\/"},"modified":"2021-06-03T16:03:38","modified_gmt":"2021-06-03T14:03:38","slug":"votre-admission","status":"publish","type":"page","link":"https:\/\/calculatie.azglorieux.be\/fr\/patients\/votre-admission\/","title":{"rendered":"Votre admission"},"content":{"rendered":"<h3>En tant que patient, vous vous rendez au CH\u00a0Glorieux<\/h3>\n<ul>\n<li>pour une consultation chez un m\u00e9decin<\/li>\n<li>pour un examen (par exemple\u00a0: analyse de sang, radiologie\u2026)<\/li>\n<li>pour une hospitalisation en soins ambulatoires<\/li>\n<li>pour une hospitalisation de plusieurs jours<\/li>\n<\/ul>\n<p>\u200bVous devez donc vous enregistrer\/inscrire \u00e0 l\u2019un des guichets du hall d\u2019entr\u00e9e, et ce d\u00e8s votre arriv\u00e9e. Arrivez de pr\u00e9f\u00e9rence une demi-heure avant le rendez-vous convenu. Apr\u00e8s l\u2019enregistrement au guichet, vous recevez un ticket vous indiquant le chemin \u00e0 suivre ou un num\u00e9ro pour vous adresser au guichet des admissions.<\/p>\n<p>En cas de probl\u00e8me, les collaborateurs pr\u00e9sents \u00e0 l\u2019accueil ou des b\u00e9n\u00e9voles sont \u00e0 votre disposition pour vous aider.<\/p>\n","protected":false},"excerpt":{"rendered":"<p>En tant que patient, vous vous rendez au CH\u00a0Glorieux pour une consultation chez un m\u00e9decin pour un examen (par exemple\u00a0:&#8230;<\/p>\n","protected":false},"author":4,"featured_media":6896,"parent":882,"menu_order":0,"comment_status":"closed","ping_status":"closed","template":"","meta":{"_acf_changed":false,"_relevanssi_hide_post":"","_relevanssi_hide_content":"","_relevanssi_pin_for_all":"","_relevanssi_pin_keywords":"","_relevanssi_unpin_keywords":"","_relevanssi_related_keywords":"","_relevanssi_related_include_ids":"","_relevanssi_related_exclude_ids":"","_relevanssi_related_no_append":"","_relevanssi_related_not_related":"","_relevanssi_related_posts":"","_relevanssi_noindex_reason":"","inline_featured_image":false,"_exactmetrics_skip_tracking":false,"_exactmetrics_sitenote_active":false,"_exactmetrics_sitenote_note":"","_exactmetrics_sitenote_category":0,"footnotes":"","_links_to":"","_links_to_target":""},"acf":[],"yoast_head":"<!-- This site is optimized with the Yoast SEO plugin v22.4 - https:\/\/yoast.com\/wordpress\/plugins\/seo\/ -->\n<title>Votre admission - azGlorieux<\/title>\n<meta name=\"robots\" content=\"noindex, follow, max-snippet:-1, max-image-preview:large, max-video-preview:-1\" \/>\n<meta property=\"og:locale\" content=\"fr_FR\" \/>\n<meta property=\"og:type\" content=\"article\" \/>\n<meta property=\"og:title\" content=\"Votre admission - azGlorieux\" \/>\n<meta property=\"og:description\" content=\"En tant que patient, vous vous rendez au CH\u00a0Glorieux pour une consultation chez un m\u00e9decin pour un examen (par exemple\u00a0:...\" \/>\n<meta property=\"og:url\" content=\"https:\/\/calculatie.azglorieux.be\/fr\/patients\/votre-admission\/\" \/>\n<meta property=\"og:site_name\" content=\"azGlorieux\" \/>\n<meta property=\"article:modified_time\" content=\"2021-06-03T14:03:38+00:00\" \/>\n<meta property=\"og:image\" content=\"https:\/\/calculatie.azglorieux.be\/wp-content\/uploads\/2020\/07\/AZG_SITE_INT_DSC_9497-2.jpg\" \/>\n\t<meta property=\"og:image:width\" content=\"2200\" \/>\n\t<meta property=\"og:image:height\" content=\"485\" \/>\n\t<meta property=\"og:image:type\" content=\"image\/jpeg\" \/>\n<meta name=\"twitter:card\" content=\"summary_large_image\" \/>\n<meta name=\"twitter:label1\" content=\"Dur\u00e9e de lecture estim\u00e9e\" \/>\n\t<meta name=\"twitter:data1\" content=\"1 minute\" \/>\n<!-- \/ Yoast SEO plugin. -->","yoast_head_json":{"title":"Votre admission - azGlorieux","robots":{"index":"noindex","follow":"follow","max-snippet":"max-snippet:-1","max-image-preview":"max-image-preview:large","max-video-preview":"max-video-preview:-1"},"og_locale":"fr_FR","og_type":"article","og_title":"Votre admission - azGlorieux","og_description":"En tant que patient, vous vous rendez au CH\u00a0Glorieux pour une consultation chez un m\u00e9decin pour un examen (par exemple\u00a0:...","og_url":"https:\/\/calculatie.azglorieux.be\/fr\/patients\/votre-admission\/","og_site_name":"azGlorieux","article_modified_time":"2021-06-03T14:03:38+00:00","og_image":[{"width":2200,"height":485,"url":"https:\/\/calculatie.azglorieux.be\/wp-content\/uploads\/2020\/07\/AZG_SITE_INT_DSC_9497-2.jpg","type":"image\/jpeg"}],"twitter_card":"summary_large_image","twitter_misc":{"Dur\u00e9e de lecture estim\u00e9e":"1 minute"},"schema":{"@context":"https:\/\/schema.org","@graph":[{"@type":"WebPage","@id":"https:\/\/calculatie.azglorieux.be\/fr\/patients\/votre-admission\/","url":"https:\/\/calculatie.azglorieux.be\/fr\/patients\/votre-admission\/","name":"Votre admission - azGlorieux","isPartOf":{"@id":"https:\/\/calculatie.azglorieux.be\/fr\/#website"},"primaryImageOfPage":{"@id":"https:\/\/calculatie.azglorieux.be\/fr\/patients\/votre-admission\/#primaryimage"},"image":{"@id":"https:\/\/calculatie.azglorieux.be\/fr\/patients\/votre-admission\/#primaryimage"},"thumbnailUrl":"https:\/\/calculatie.azglorieux.be\/wp-content\/uploads\/2020\/07\/AZG_SITE_INT_DSC_9497-2.jpg","datePublished":"2020-02-17T06:41:45+00:00","dateModified":"2021-06-03T14:03:38+00:00","breadcrumb":{"@id":"https:\/\/calculatie.azglorieux.be\/fr\/patients\/votre-admission\/#breadcrumb"},"inLanguage":"fr-FR","potentialAction":[{"@type":"ReadAction","target":["https:\/\/calculatie.azglorieux.be\/fr\/patients\/votre-admission\/"]}]},{"@type":"ImageObject","inLanguage":"fr-FR","@id":"https:\/\/calculatie.azglorieux.be\/fr\/patients\/votre-admission\/#primaryimage","url":"https:\/\/calculatie.azglorieux.be\/wp-content\/uploads\/2020\/07\/AZG_SITE_INT_DSC_9497-2.jpg","contentUrl":"https:\/\/calculatie.azglorieux.be\/wp-content\/uploads\/2020\/07\/AZG_SITE_INT_DSC_9497-2.jpg","width":2200,"height":485},{"@type":"BreadcrumbList","@id":"https:\/\/calculatie.azglorieux.be\/fr\/patients\/votre-admission\/#breadcrumb","itemListElement":[{"@type":"ListItem","position":1,"name":"Home","item":"https:\/\/calculatie.azglorieux.be\/fr\/"},{"@type":"ListItem","position":2,"name":"Patients","item":"https:\/\/calculatie.azglorieux.be\/fr\/patients\/"},{"@type":"ListItem","position":3,"name":"Votre admission"}]},{"@type":"WebSite","@id":"https:\/\/calculatie.azglorieux.be\/fr\/#website","url":"https:\/\/calculatie.azglorieux.be\/fr\/","name":"azGlorieux","description":"","potentialAction":[{"@type":"SearchAction","target":{"@type":"EntryPoint","urlTemplate":"https:\/\/calculatie.azglorieux.be\/fr\/?s={search_term_string}"},"query-input":"required name=search_term_string"}],"inLanguage":"fr-FR"}]}},"_links":{"self":[{"href":"https:\/\/calculatie.azglorieux.be\/fr\/wp-json\/wp\/v2\/pages\/924"}],"collection":[{"href":"https:\/\/calculatie.azglorieux.be\/fr\/wp-json\/wp\/v2\/pages"}],"about":[{"href":"https:\/\/calculatie.azglorieux.be\/fr\/wp-json\/wp\/v2\/types\/page"}],"author":[{"embeddable":true,"href":"https:\/\/calculatie.azglorieux.be\/fr\/wp-json\/wp\/v2\/users\/4"}],"replies":[{"embeddable":true,"href":"https:\/\/calculatie.azglorieux.be\/fr\/wp-json\/wp\/v2\/comments?post=924"}],"version-history":[{"count":0,"href":"https:\/\/calculatie.azglorieux.be\/fr\/wp-json\/wp\/v2\/pages\/924\/revisions"}],"up":[{"embeddable":true,"href":"https:\/\/calculatie.azglorieux.be\/fr\/wp-json\/wp\/v2\/pages\/882"}],"wp:featuredmedia":[{"embeddable":true,"href":"https:\/\/calculatie.azglorieux.be\/fr\/wp-json\/wp\/v2\/media\/6896"}],"wp:attachment":[{"href":"https:\/\/calculatie.azglorieux.be\/fr\/wp-json\/wp\/v2\/media?parent=924"}],"curies":[{"name":"wp","href":"https:\/\/api.w.org\/{rel}","templated":true}]}}