{"id":9482,"date":"2023-06-20T16:51:58","date_gmt":"2023-06-20T14:51:58","guid":{"rendered":"https:\/\/calculatie.azglorieux.be\/?page_id=9482"},"modified":"2023-06-20T16:55:07","modified_gmt":"2023-06-20T14:55:07","slug":"regime-des-lanceurs-dalerte","status":"publish","type":"page","link":"https:\/\/calculatie.azglorieux.be\/fr\/regime-des-lanceurs-dalerte\/","title":{"rendered":"R\u00e9gime des lanceurs d\u2019alerte"},"content":{"rendered":"<p>L\u2019ASBL Werken Glorieux attache une grande importance aux principes de la <a href=\"https:\/\/www.federaalombudsman.be\/fr\/lanceurs-dalerte\">loi relative aux lanceurs d\u2019alerte<\/a>. \u00c0 cet \u00e9gard, le canal de signalement interne est accessible non seulement \u00e0 ses collaborateurs, mais aussi \u00e0 d\u2019autres personnes qui, \u00e0 un autre titre, ont obtenu des informations sur des infractions entrant dans le champ d\u2019application de la <a href=\"https:\/\/www.federaalombudsman.be\/fr\/lanceurs-dalerte\">loi relative aux lanceurs d\u2019alerte. <\/a><\/p>\n<p>Toute personne ayant obtenu des informations sur une infraction dans un contexte professionnel peut effectuer un signalement. Il s\u2019agit notamment, mais pas exclusivement, des collaborateurs, des ind\u00e9pendants, des b\u00e9n\u00e9voles, des jobistes, des stagiaires&#8230;<\/p>\n<h3><strong>Pourquoi pouvez-vous signaler une infraction\u2009?<\/strong><\/h3>\n<p>Conform\u00e9ment \u00e0 la <a href=\"https:\/\/www.federaalombudsman.be\/fr\/lanceurs-dalerte\">loi relative aux lanceurs d\u2019alerte<\/a>, vous pouvez signaler, par l\u2019interm\u00e9diaire des personnes de confiance, les infractions ou les questions que vous estimez de bonne foi \u00eatre des infractions dans les domaines suivants\u00a0:<\/p>\n<ul>\n<li>march\u00e9s publics\u2009;<\/li>\n<li>services, produits et march\u00e9s financiers, pr\u00e9vention du blanchiment d\u2019argent et du financement du terrorisme\u2009;<\/li>\n<li>s\u00e9curit\u00e9 et conformit\u00e9 des produits\u2009;<\/li>\n<li>s\u00e9curit\u00e9 des transports\u2009;<\/li>\n<li>protection de l\u2019environnement\u2009;<\/li>\n<li>radioprotection et s\u00fbret\u00e9 nucl\u00e9aire\u2009;<\/li>\n<li>s\u00e9curit\u00e9 des denr\u00e9es alimentaires et des aliments pour animaux, sant\u00e9 et bien-\u00eatre des animaux\u2009;<\/li>\n<li>sant\u00e9 publique\u2009;<\/li>\n<li>protection des consommateurs\u2009;<\/li>\n<li>protection de la vie priv\u00e9e et des donn\u00e9es personnelles, s\u00e9curit\u00e9 des r\u00e9seaux et des syst\u00e8mes informatiques\u2009;<\/li>\n<li>lutte contre la fraude fiscale\u2009;<\/li>\n<li>pr\u00e9vention de la fraude sociale\u2009;<\/li>\n<li>infractions portant atteinte aux int\u00e9r\u00eats financiers de l\u2019Union europ\u00e9enne\u2009;<\/li>\n<li>infractions au march\u00e9 int\u00e9rieur (concurrence et aides d\u2019\u00c9tat, fiscalit\u00e9 des entreprises ou constructions visant \u00e0 obtenir ind\u00fbment un avantage fiscal).<\/li>\n<\/ul>\n<p>Pour les autres plaintes, adressez-vous au service de m\u00e9diation.<\/p>\n<h3><strong>Comment effectuer un signalement?<\/strong><\/h3>\n<p>Les signalements peuvent \u00eatre effectu\u00e9s comme suit\u00a0:<\/p>\n<ul>\n<li>Par l\u2019interm\u00e9diaire des personnes de confiance de l\u2019ASBL Werken Glorieux au 055\u00a023\u00a036\u00a004 ou 055\u00a023\u00a034\u00a099.<\/li>\n<li>Via le canal externe <a href=\"https:\/\/www.federaalombudsman.be\/fr\/formulairesignalement\">https:\/\/www.federaalombudsman.be\/fr\/formulairesignalement<\/a>.<\/li>\n<\/ul>\n<h3><strong>Qu&rsquo;en est-il de votre vie priv\u00e9e?<\/strong><\/h3>\n<p>Les signalements internes sont g\u00e9r\u00e9s par la personne de confiance, qui intervient en qualit\u00e9 de responsable des signalements et du traitement des plaintes. Le responsable des signalements\/du traitement des plaintes exerce ses fonctions de mani\u00e8re autonome et ind\u00e9pendante, sans recevoir d\u2019instructions d\u2019autrui. Les signalements anonymes sont possibles.<\/p>\n<p>L\u2019identit\u00e9 de l\u2019auteur du signalement restera confidentielle \u00e0 tout moment. La politique en vigueur en la mati\u00e8re peut \u00eatre demand\u00e9e \u00e0 la (aux) personne(s) de confiance de l\u2019organisation.<\/p>\n<h3><strong>Qu&rsquo;advient-il apr\u00e8s votre signalement?<\/strong><\/h3>\n<p>Chaque personne qui effectue un signalement re\u00e7oit un accus\u00e9 de r\u00e9ception dans les 7 jours qui suivent la r\u00e9ception du signalement. Au plus tard 3 mois apr\u00e8s l\u2019accus\u00e9 de r\u00e9ception, le lanceur d\u2019alerte re\u00e7oit un retour d\u2019information, notamment sur les actions pr\u00e9vues ou entreprises \u00e0 titre de suivi et sur les raisons de ce suivi.<\/p>\n<p>&nbsp;<\/p>\n","protected":false},"excerpt":{"rendered":"<p>L\u2019ASBL Werken Glorieux attache une grande importance aux principes de la loi relative aux lanceurs d\u2019alerte. \u00c0 cet \u00e9gard, le&#8230;<\/p>\n","protected":false},"author":5,"featured_media":0,"parent":0,"menu_order":0,"comment_status":"closed","ping_status":"closed","template":"","meta":{"_acf_changed":false,"_relevanssi_hide_post":"","_relevanssi_hide_content":"","_relevanssi_pin_for_all":"","_relevanssi_pin_keywords":"","_relevanssi_unpin_keywords":"","_relevanssi_related_keywords":"","_relevanssi_related_include_ids":"","_relevanssi_related_exclude_ids":"","_relevanssi_related_no_append":"","_relevanssi_related_not_related":"","_relevanssi_related_posts":"","_relevanssi_noindex_reason":"","inline_featured_image":false,"_exactmetrics_skip_tracking":false,"_exactmetrics_sitenote_active":false,"_exactmetrics_sitenote_note":"","_exactmetrics_sitenote_category":0,"footnotes":"","_links_to":"","_links_to_target":""},"acf":[],"yoast_head":"<!-- This site is optimized with the Yoast SEO plugin v22.4 - https:\/\/yoast.com\/wordpress\/plugins\/seo\/ -->\n<title>R\u00e9gime des lanceurs d\u2019alerte - azGlorieux<\/title>\n<meta name=\"robots\" content=\"noindex, follow, max-snippet:-1, max-image-preview:large, max-video-preview:-1\" \/>\n<meta property=\"og:locale\" content=\"fr_FR\" \/>\n<meta property=\"og:type\" content=\"article\" \/>\n<meta property=\"og:title\" content=\"R\u00e9gime des lanceurs d\u2019alerte - azGlorieux\" \/>\n<meta property=\"og:description\" content=\"L\u2019ASBL Werken Glorieux attache une grande importance aux principes de la loi relative aux lanceurs d\u2019alerte. \u00c0 cet \u00e9gard, le...\" \/>\n<meta property=\"og:url\" content=\"https:\/\/calculatie.azglorieux.be\/fr\/regime-des-lanceurs-dalerte\/\" \/>\n<meta property=\"og:site_name\" content=\"azGlorieux\" \/>\n<meta property=\"article:modified_time\" content=\"2023-06-20T14:55:07+00:00\" \/>\n<meta name=\"twitter:card\" content=\"summary_large_image\" \/>\n<meta name=\"twitter:label1\" content=\"Dur\u00e9e de lecture estim\u00e9e\" \/>\n\t<meta name=\"twitter:data1\" content=\"3 minutes\" \/>\n<!-- \/ Yoast SEO plugin. -->","yoast_head_json":{"title":"R\u00e9gime des lanceurs d\u2019alerte - azGlorieux","robots":{"index":"noindex","follow":"follow","max-snippet":"max-snippet:-1","max-image-preview":"max-image-preview:large","max-video-preview":"max-video-preview:-1"},"og_locale":"fr_FR","og_type":"article","og_title":"R\u00e9gime des lanceurs d\u2019alerte - azGlorieux","og_description":"L\u2019ASBL Werken Glorieux attache une grande importance aux principes de la loi relative aux lanceurs d\u2019alerte. \u00c0 cet \u00e9gard, le...","og_url":"https:\/\/calculatie.azglorieux.be\/fr\/regime-des-lanceurs-dalerte\/","og_site_name":"azGlorieux","article_modified_time":"2023-06-20T14:55:07+00:00","twitter_card":"summary_large_image","twitter_misc":{"Dur\u00e9e de lecture estim\u00e9e":"3 minutes"},"schema":{"@context":"https:\/\/schema.org","@graph":[{"@type":"WebPage","@id":"https:\/\/calculatie.azglorieux.be\/fr\/regime-des-lanceurs-dalerte\/","url":"https:\/\/calculatie.azglorieux.be\/fr\/regime-des-lanceurs-dalerte\/","name":"R\u00e9gime des lanceurs d\u2019alerte - azGlorieux","isPartOf":{"@id":"https:\/\/calculatie.azglorieux.be\/fr\/#website"},"datePublished":"2023-06-20T14:51:58+00:00","dateModified":"2023-06-20T14:55:07+00:00","breadcrumb":{"@id":"https:\/\/calculatie.azglorieux.be\/fr\/regime-des-lanceurs-dalerte\/#breadcrumb"},"inLanguage":"fr-FR","potentialAction":[{"@type":"ReadAction","target":["https:\/\/calculatie.azglorieux.be\/fr\/regime-des-lanceurs-dalerte\/"]}]},{"@type":"BreadcrumbList","@id":"https:\/\/calculatie.azglorieux.be\/fr\/regime-des-lanceurs-dalerte\/#breadcrumb","itemListElement":[{"@type":"ListItem","position":1,"name":"Home","item":"https:\/\/calculatie.azglorieux.be\/fr\/"},{"@type":"ListItem","position":2,"name":"R\u00e9gime des lanceurs d\u2019alerte"}]},{"@type":"WebSite","@id":"https:\/\/calculatie.azglorieux.be\/fr\/#website","url":"https:\/\/calculatie.azglorieux.be\/fr\/","name":"azGlorieux","description":"","potentialAction":[{"@type":"SearchAction","target":{"@type":"EntryPoint","urlTemplate":"https:\/\/calculatie.azglorieux.be\/fr\/?s={search_term_string}"},"query-input":"required name=search_term_string"}],"inLanguage":"fr-FR"}]}},"_links":{"self":[{"href":"https:\/\/calculatie.azglorieux.be\/fr\/wp-json\/wp\/v2\/pages\/9482"}],"collection":[{"href":"https:\/\/calculatie.azglorieux.be\/fr\/wp-json\/wp\/v2\/pages"}],"about":[{"href":"https:\/\/calculatie.azglorieux.be\/fr\/wp-json\/wp\/v2\/types\/page"}],"author":[{"embeddable":true,"href":"https:\/\/calculatie.azglorieux.be\/fr\/wp-json\/wp\/v2\/users\/5"}],"replies":[{"embeddable":true,"href":"https:\/\/calculatie.azglorieux.be\/fr\/wp-json\/wp\/v2\/comments?post=9482"}],"version-history":[{"count":3,"href":"https:\/\/calculatie.azglorieux.be\/fr\/wp-json\/wp\/v2\/pages\/9482\/revisions"}],"predecessor-version":[{"id":9485,"href":"https:\/\/calculatie.azglorieux.be\/fr\/wp-json\/wp\/v2\/pages\/9482\/revisions\/9485"}],"wp:attachment":[{"href":"https:\/\/calculatie.azglorieux.be\/fr\/wp-json\/wp\/v2\/media?parent=9482"}],"curies":[{"name":"wp","href":"https:\/\/api.w.org\/{rel}","templated":true}]}}