{"id":9564,"date":"2023-07-03T10:09:42","date_gmt":"2023-07-03T08:09:42","guid":{"rendered":"https:\/\/calculatie.azglorieux.be\/?page_id=9564"},"modified":"2024-04-25T15:04:45","modified_gmt":"2024-04-25T13:04:45","slug":"rezo-pres-de-chez-vous","status":"publish","type":"page","link":"https:\/\/calculatie.azglorieux.be\/fr\/home\/rezo-pres-de-chez-vous\/","title":{"rendered":"REZO : des soins pour vous, pr\u00e8s de chez vous"},"content":{"rendered":"<p>Un vent de fra\u00eecheur souffle sur le paysage des soins de sant\u00e9 des Ardennes flamandes. D\u2019o\u00f9 vient-il\u2009? De REZO, la collaboration entre l\u2019AZ Sint-Elisabeth \u00e0 Zottegem et l\u2019ASBL Werken Glorieux \u00e0 Renaix.<\/p>\n<ul>\n<li>Le terme \u00abREZO\u00bb (qui signifie \u00ab\u2009soins\u2009\u00bb en n\u00e9erlandais) reprend les premi\u00e8res lettres de Zottegem et de Renaix.<\/li>\n<li>Notre \u00e9troite collaboration a vu le jour en 2018.<\/li>\n<li>Les deux \u00e9tablissements de soins de sant\u00e9 font partie du r\u00e9seau hospitalier\u00a0E17.<\/li>\n<\/ul>\n","protected":false},"excerpt":{"rendered":"<p>Un vent de fra\u00eecheur souffle sur le paysage des soins de sant\u00e9 des Ardennes flamandes. D\u2019o\u00f9 vient-il\u2009? De REZO, la&#8230;<\/p>\n","protected":false},"author":9,"featured_media":0,"parent":812,"menu_order":0,"comment_status":"closed","ping_status":"closed","template":"","meta":{"_acf_changed":false,"_relevanssi_hide_post":"","_relevanssi_hide_content":"","_relevanssi_pin_for_all":"","_relevanssi_pin_keywords":"","_relevanssi_unpin_keywords":"","_relevanssi_related_keywords":"","_relevanssi_related_include_ids":"","_relevanssi_related_exclude_ids":"","_relevanssi_related_no_append":"","_relevanssi_related_not_related":"","_relevanssi_related_posts":"","_relevanssi_noindex_reason":"","inline_featured_image":false,"_exactmetrics_skip_tracking":false,"_exactmetrics_sitenote_active":false,"_exactmetrics_sitenote_note":"","_exactmetrics_sitenote_category":0,"footnotes":"","_links_to":"","_links_to_target":""},"acf":[],"yoast_head":"<!-- This site is optimized with the Yoast SEO plugin v22.4 - https:\/\/yoast.com\/wordpress\/plugins\/seo\/ -->\n<title>REZO : des soins pour vous, pr\u00e8s de chez vous - azGlorieux<\/title>\n<meta name=\"robots\" content=\"noindex, follow, max-snippet:-1, max-image-preview:large, max-video-preview:-1\" \/>\n<meta property=\"og:locale\" content=\"fr_FR\" \/>\n<meta property=\"og:type\" content=\"article\" \/>\n<meta property=\"og:title\" content=\"REZO : des soins pour vous, pr\u00e8s de chez vous - azGlorieux\" \/>\n<meta property=\"og:description\" content=\"Un vent de fra\u00eecheur souffle sur le paysage des soins de sant\u00e9 des Ardennes flamandes. D\u2019o\u00f9 vient-il\u2009? De REZO, la...\" \/>\n<meta property=\"og:url\" content=\"https:\/\/calculatie.azglorieux.be\/fr\/home\/rezo-pres-de-chez-vous\/\" \/>\n<meta property=\"og:site_name\" content=\"azGlorieux\" \/>\n<meta property=\"article:modified_time\" content=\"2024-04-25T13:04:45+00:00\" \/>\n<meta name=\"twitter:card\" content=\"summary_large_image\" \/>\n<meta name=\"twitter:label1\" content=\"Dur\u00e9e de lecture estim\u00e9e\" \/>\n\t<meta name=\"twitter:data1\" content=\"2 minutes\" \/>\n<!-- \/ Yoast SEO plugin. -->","yoast_head_json":{"title":"REZO : des soins pour vous, pr\u00e8s de chez vous - azGlorieux","robots":{"index":"noindex","follow":"follow","max-snippet":"max-snippet:-1","max-image-preview":"max-image-preview:large","max-video-preview":"max-video-preview:-1"},"og_locale":"fr_FR","og_type":"article","og_title":"REZO : des soins pour vous, pr\u00e8s de chez vous - azGlorieux","og_description":"Un vent de fra\u00eecheur souffle sur le paysage des soins de sant\u00e9 des Ardennes flamandes. D\u2019o\u00f9 vient-il\u2009? De REZO, la...","og_url":"https:\/\/calculatie.azglorieux.be\/fr\/home\/rezo-pres-de-chez-vous\/","og_site_name":"azGlorieux","article_modified_time":"2024-04-25T13:04:45+00:00","twitter_card":"summary_large_image","twitter_misc":{"Dur\u00e9e de lecture estim\u00e9e":"2 minutes"},"schema":{"@context":"https:\/\/schema.org","@graph":[{"@type":"WebPage","@id":"https:\/\/calculatie.azglorieux.be\/fr\/home\/rezo-pres-de-chez-vous\/","url":"https:\/\/calculatie.azglorieux.be\/fr\/home\/rezo-pres-de-chez-vous\/","name":"REZO : des soins pour vous, pr\u00e8s de chez vous - azGlorieux","isPartOf":{"@id":"https:\/\/calculatie.azglorieux.be\/fr\/#website"},"datePublished":"2023-07-03T08:09:42+00:00","dateModified":"2024-04-25T13:04:45+00:00","breadcrumb":{"@id":"https:\/\/calculatie.azglorieux.be\/fr\/home\/rezo-pres-de-chez-vous\/#breadcrumb"},"inLanguage":"fr-FR","potentialAction":[{"@type":"ReadAction","target":["https:\/\/calculatie.azglorieux.be\/fr\/home\/rezo-pres-de-chez-vous\/"]}]},{"@type":"BreadcrumbList","@id":"https:\/\/calculatie.azglorieux.be\/fr\/home\/rezo-pres-de-chez-vous\/#breadcrumb","itemListElement":[{"@type":"ListItem","position":1,"name":"Home","item":"https:\/\/calculatie.azglorieux.be\/fr\/"},{"@type":"ListItem","position":2,"name":"Accueil","item":"https:\/\/calculatie.azglorieux.be\/fr\/"},{"@type":"ListItem","position":3,"name":"REZO : des soins pour vous, pr\u00e8s de chez vous"}]},{"@type":"WebSite","@id":"https:\/\/calculatie.azglorieux.be\/fr\/#website","url":"https:\/\/calculatie.azglorieux.be\/fr\/","name":"azGlorieux","description":"","potentialAction":[{"@type":"SearchAction","target":{"@type":"EntryPoint","urlTemplate":"https:\/\/calculatie.azglorieux.be\/fr\/?s={search_term_string}"},"query-input":"required name=search_term_string"}],"inLanguage":"fr-FR"}]}},"_links":{"self":[{"href":"https:\/\/calculatie.azglorieux.be\/fr\/wp-json\/wp\/v2\/pages\/9564"}],"collection":[{"href":"https:\/\/calculatie.azglorieux.be\/fr\/wp-json\/wp\/v2\/pages"}],"about":[{"href":"https:\/\/calculatie.azglorieux.be\/fr\/wp-json\/wp\/v2\/types\/page"}],"author":[{"embeddable":true,"href":"https:\/\/calculatie.azglorieux.be\/fr\/wp-json\/wp\/v2\/users\/9"}],"replies":[{"embeddable":true,"href":"https:\/\/calculatie.azglorieux.be\/fr\/wp-json\/wp\/v2\/comments?post=9564"}],"version-history":[{"count":6,"href":"https:\/\/calculatie.azglorieux.be\/fr\/wp-json\/wp\/v2\/pages\/9564\/revisions"}],"predecessor-version":[{"id":11256,"href":"https:\/\/calculatie.azglorieux.be\/fr\/wp-json\/wp\/v2\/pages\/9564\/revisions\/11256"}],"up":[{"embeddable":true,"href":"https:\/\/calculatie.azglorieux.be\/fr\/wp-json\/wp\/v2\/pages\/812"}],"wp:attachment":[{"href":"https:\/\/calculatie.azglorieux.be\/fr\/wp-json\/wp\/v2\/media?parent=9564"}],"curies":[{"name":"wp","href":"https:\/\/api.w.org\/{rel}","templated":true}]}}