{"id":9572,"date":"2023-07-03T10:17:51","date_gmt":"2023-07-03T08:17:51","guid":{"rendered":"https:\/\/calculatie.azglorieux.be\/?page_id=9572"},"modified":"2023-07-03T10:20:06","modified_gmt":"2023-07-03T08:20:06","slug":"la-mission-de-rezo","status":"publish","type":"page","link":"https:\/\/calculatie.azglorieux.be\/fr\/la-mission-de-rezo\/","title":{"rendered":"La mission de REZO ? Offrir des soins de sant\u00e9 de qualit\u00e9 \u00e0 tous les habitants des Ardennes flamandes"},"content":{"rendered":"<p>Des soins de sant\u00e9 de qualit\u00e9\u2009? Vous devriez y avoir acc\u00e8s \u00e0 tout moment et pr\u00e8s de chez vous.<\/p>\n<p>C\u2019est ici que REZO intervient : <strong>un partenariat durable et engag\u00e9 entre l\u2019AZ Sint-Elisabeth \u00e0 Zottegem et l\u2019ASBL Werken Glorieux \u00e0 Renaix<\/strong>, au sein du r\u00e9seau hospitalier\u00a0E17. Au plus proche des habitants des Ardennes flamandes.<\/p>\n<p>REZO vous garantit une prise en charge de haut vol par des m\u00e9decins, des chirurgiens, des sp\u00e9cialistes, des infirmiers, des kin\u00e9sith\u00e9rapeutes, des ergoth\u00e9rapeutes et d\u2019autres collaborateurs enthousiastes, qui vous prodiguent des soins de qualit\u00e9, accessibles et abordables.<\/p>\n<p>Mieux encore : REZO pr\u00eate toujours une oreille attentive \u00e0 votre histoire, votre ressenti et vos besoins sp\u00e9cifiques. De quoi \u00e9tudier, analyser et comprendre pr\u00e9cis\u00e9ment le(s) soin(s) dont vous avez besoin.<\/p>\n<p>REZO n\u2019attend plus que vous. Les habitants de la r\u00e9gion, et les professionnels qui nous accompagnent ou ceux qui souhaitent nous rejoindre \u00e0 l\u2019avenir. Le partage de nos connaissances, de notre exp\u00e9rience et de nos innovations technologiques est un r\u00e9el plaisir pour nous. Nous le faisons par le biais de programmes dynamiques, de formations et de cours durant lesquels nos collaborateurs font entendre leur voix. Et ce n\u2019est pas tout : c\u2019est eux qui leur donnent forme\u2009! Ensemble, nous parviendrons ainsi \u00e0 rendre les soins de sant\u00e9 plus rapides et accessibles pour chaque habitant des Ardennes flamandes. Le tout en continuant \u00e0 d\u00e9velopper et \u00e0 perfectionner notre offre de soins.<\/p>\n<p>En r\u00e9sum\u00e9 : REZO s\u2019adresse \u00e0 tous. Aux patients, comme aux collaborateurs d\u00e9sireux de s\u2019engager sur la voie d\u2019une organisation de soins de sant\u00e9 efficace. Objectif ultime : des soins accessibles et durables dans les Ardennes flamandes, pr\u00e8s de chez vous.<\/p>\n<p><a href=\"https:\/\/www.youtube.com\/watch?v=ZyqcG9ICvW8&amp;embeds_referring_euri=https%253A%252F%252Fwww.sezz.be%252F&amp;source_ve_path=MjM4NTE&amp;feature=emb_title\">Voir la vid\u00e9o &gt;<\/a><\/p>\n","protected":false},"excerpt":{"rendered":"<p>Des soins de sant\u00e9 de qualit\u00e9\u2009? Vous devriez y avoir acc\u00e8s \u00e0 tout moment et pr\u00e8s de chez vous. C\u2019est&#8230;<\/p>\n","protected":false},"author":9,"featured_media":0,"parent":0,"menu_order":0,"comment_status":"closed","ping_status":"closed","template":"","meta":{"_acf_changed":false,"_relevanssi_hide_post":"","_relevanssi_hide_content":"","_relevanssi_pin_for_all":"","_relevanssi_pin_keywords":"","_relevanssi_unpin_keywords":"","_relevanssi_related_keywords":"","_relevanssi_related_include_ids":"","_relevanssi_related_exclude_ids":"","_relevanssi_related_no_append":"","_relevanssi_related_not_related":"","_relevanssi_related_posts":"","_relevanssi_noindex_reason":"","inline_featured_image":false,"_exactmetrics_skip_tracking":false,"_exactmetrics_sitenote_active":false,"_exactmetrics_sitenote_note":"","_exactmetrics_sitenote_category":0,"footnotes":"","_links_to":"","_links_to_target":""},"acf":[],"yoast_head":"<!-- This site is optimized with the Yoast SEO plugin v22.4 - https:\/\/yoast.com\/wordpress\/plugins\/seo\/ -->\n<title>La mission de REZO ? Offrir des soins de sant\u00e9 de qualit\u00e9 \u00e0 tous les habitants des Ardennes flamandes - azGlorieux<\/title>\n<meta name=\"robots\" content=\"noindex, follow, max-snippet:-1, max-image-preview:large, max-video-preview:-1\" \/>\n<meta property=\"og:locale\" content=\"fr_FR\" \/>\n<meta property=\"og:type\" content=\"article\" \/>\n<meta property=\"og:title\" content=\"La mission de REZO ? Offrir des soins de sant\u00e9 de qualit\u00e9 \u00e0 tous les habitants des Ardennes flamandes - azGlorieux\" \/>\n<meta property=\"og:description\" content=\"Des soins de sant\u00e9 de qualit\u00e9\u2009? Vous devriez y avoir acc\u00e8s \u00e0 tout moment et pr\u00e8s de chez vous. C\u2019est...\" \/>\n<meta property=\"og:url\" content=\"https:\/\/calculatie.azglorieux.be\/fr\/la-mission-de-rezo\/\" \/>\n<meta property=\"og:site_name\" content=\"azGlorieux\" \/>\n<meta property=\"article:modified_time\" content=\"2023-07-03T08:20:06+00:00\" \/>\n<meta name=\"twitter:card\" content=\"summary_large_image\" \/>\n<meta name=\"twitter:label1\" content=\"Dur\u00e9e de lecture estim\u00e9e\" \/>\n\t<meta name=\"twitter:data1\" content=\"2 minutes\" \/>\n<!-- \/ Yoast SEO plugin. -->","yoast_head_json":{"title":"La mission de REZO ? Offrir des soins de sant\u00e9 de qualit\u00e9 \u00e0 tous les habitants des Ardennes flamandes - azGlorieux","robots":{"index":"noindex","follow":"follow","max-snippet":"max-snippet:-1","max-image-preview":"max-image-preview:large","max-video-preview":"max-video-preview:-1"},"og_locale":"fr_FR","og_type":"article","og_title":"La mission de REZO ? Offrir des soins de sant\u00e9 de qualit\u00e9 \u00e0 tous les habitants des Ardennes flamandes - azGlorieux","og_description":"Des soins de sant\u00e9 de qualit\u00e9\u2009? Vous devriez y avoir acc\u00e8s \u00e0 tout moment et pr\u00e8s de chez vous. C\u2019est...","og_url":"https:\/\/calculatie.azglorieux.be\/fr\/la-mission-de-rezo\/","og_site_name":"azGlorieux","article_modified_time":"2023-07-03T08:20:06+00:00","twitter_card":"summary_large_image","twitter_misc":{"Dur\u00e9e de lecture estim\u00e9e":"2 minutes"},"schema":{"@context":"https:\/\/schema.org","@graph":[{"@type":"WebPage","@id":"https:\/\/calculatie.azglorieux.be\/fr\/la-mission-de-rezo\/","url":"https:\/\/calculatie.azglorieux.be\/fr\/la-mission-de-rezo\/","name":"La mission de REZO ? Offrir des soins de sant\u00e9 de qualit\u00e9 \u00e0 tous les habitants des Ardennes flamandes - azGlorieux","isPartOf":{"@id":"https:\/\/calculatie.azglorieux.be\/fr\/#website"},"datePublished":"2023-07-03T08:17:51+00:00","dateModified":"2023-07-03T08:20:06+00:00","breadcrumb":{"@id":"https:\/\/calculatie.azglorieux.be\/fr\/la-mission-de-rezo\/#breadcrumb"},"inLanguage":"fr-FR","potentialAction":[{"@type":"ReadAction","target":["https:\/\/calculatie.azglorieux.be\/fr\/la-mission-de-rezo\/"]}]},{"@type":"BreadcrumbList","@id":"https:\/\/calculatie.azglorieux.be\/fr\/la-mission-de-rezo\/#breadcrumb","itemListElement":[{"@type":"ListItem","position":1,"name":"Home","item":"https:\/\/calculatie.azglorieux.be\/fr\/"},{"@type":"ListItem","position":2,"name":"La mission de REZO ? Offrir des soins de sant\u00e9 de qualit\u00e9 \u00e0 tous les habitants des Ardennes flamandes"}]},{"@type":"WebSite","@id":"https:\/\/calculatie.azglorieux.be\/fr\/#website","url":"https:\/\/calculatie.azglorieux.be\/fr\/","name":"azGlorieux","description":"","potentialAction":[{"@type":"SearchAction","target":{"@type":"EntryPoint","urlTemplate":"https:\/\/calculatie.azglorieux.be\/fr\/?s={search_term_string}"},"query-input":"required name=search_term_string"}],"inLanguage":"fr-FR"}]}},"_links":{"self":[{"href":"https:\/\/calculatie.azglorieux.be\/fr\/wp-json\/wp\/v2\/pages\/9572"}],"collection":[{"href":"https:\/\/calculatie.azglorieux.be\/fr\/wp-json\/wp\/v2\/pages"}],"about":[{"href":"https:\/\/calculatie.azglorieux.be\/fr\/wp-json\/wp\/v2\/types\/page"}],"author":[{"embeddable":true,"href":"https:\/\/calculatie.azglorieux.be\/fr\/wp-json\/wp\/v2\/users\/9"}],"replies":[{"embeddable":true,"href":"https:\/\/calculatie.azglorieux.be\/fr\/wp-json\/wp\/v2\/comments?post=9572"}],"version-history":[{"count":1,"href":"https:\/\/calculatie.azglorieux.be\/fr\/wp-json\/wp\/v2\/pages\/9572\/revisions"}],"predecessor-version":[{"id":9574,"href":"https:\/\/calculatie.azglorieux.be\/fr\/wp-json\/wp\/v2\/pages\/9572\/revisions\/9574"}],"wp:attachment":[{"href":"https:\/\/calculatie.azglorieux.be\/fr\/wp-json\/wp\/v2\/media?parent=9572"}],"curies":[{"name":"wp","href":"https:\/\/api.w.org\/{rel}","templated":true}]}}