{"id":1159,"date":"2020-03-28T15:04:36","date_gmt":"2020-03-28T13:04:36","guid":{"rendered":"https:\/\/calculatie.azglorieux.be\/?page_id=1159"},"modified":"2020-03-28T15:14:23","modified_gmt":"2020-03-28T13:14:23","slug":"interne-audits","status":"publish","type":"page","link":"https:\/\/calculatie.azglorieux.be\/nl\/kwaliteit-en-patientveiligheid\/meetbare-kwaliteit\/interne-audits\/","title":{"rendered":"Interne audits"},"content":{"rendered":"<p>Om de kwaliteit en pati\u00ebntveiligheid te bevorderen, vinden er op geregelde tijdstippen interne tracers en veiligheidsrondes plaats. Tijdens een tracer of veiligheidsronde wordt nagegaan of alle werkafspraken in de praktijk terug te vinden zijn. Zo onder meer afspraken met betrekking tot ziekenhuishygi\u00ebne, medicatiebeheer, identificatie van pati\u00ebnt, documentatie in het pati\u00ebntendossier, preventief onderhoud van medische toestellen, \u2026 De tracers of veiligheidsrondes sensibiliseren de zorgverleners en verhogen ook daadwerkelijk de kwaliteit en pati\u00ebntveiligheid.<\/p>\n","protected":false},"excerpt":{"rendered":"<p>Om de kwaliteit en pati\u00ebntveiligheid te bevorderen, vinden er op geregelde tijdstippen interne tracers en veiligheidsrondes plaats. Tijdens een tracer&#8230;<\/p>\n","protected":false},"author":4,"featured_media":0,"parent":313,"menu_order":0,"comment_status":"closed","ping_status":"closed","template":"","meta":{"_acf_changed":false,"_relevanssi_hide_post":"","_relevanssi_hide_content":"","_relevanssi_pin_for_all":"","_relevanssi_pin_keywords":"","_relevanssi_unpin_keywords":"","_relevanssi_related_keywords":"","_relevanssi_related_include_ids":"","_relevanssi_related_exclude_ids":"","_relevanssi_related_no_append":"","_relevanssi_related_not_related":"","_relevanssi_related_posts":"","_relevanssi_noindex_reason":"","inline_featured_image":false,"_exactmetrics_skip_tracking":false,"_exactmetrics_sitenote_active":false,"_exactmetrics_sitenote_note":"","_exactmetrics_sitenote_category":0,"footnotes":"","_links_to":"","_links_to_target":""},"acf":[],"yoast_head":"<!-- This site is optimized with the Yoast SEO plugin v22.4 - https:\/\/yoast.com\/wordpress\/plugins\/seo\/ -->\n<title>Interne audits - AZ Glorieux<\/title>\n<meta name=\"robots\" content=\"noindex, follow, max-snippet:-1, max-image-preview:large, max-video-preview:-1\" \/>\n<meta property=\"og:locale\" content=\"nl_NL\" \/>\n<meta property=\"og:type\" content=\"article\" \/>\n<meta property=\"og:title\" content=\"Interne audits - AZ Glorieux\" \/>\n<meta property=\"og:description\" content=\"Om de kwaliteit en pati\u00ebntveiligheid te bevorderen, vinden er op geregelde tijdstippen interne tracers en veiligheidsrondes plaats. Tijdens een tracer...\" \/>\n<meta property=\"og:url\" content=\"https:\/\/calculatie.azglorieux.be\/nl\/kwaliteit-en-patientveiligheid\/meetbare-kwaliteit\/interne-audits\/\" \/>\n<meta property=\"og:site_name\" content=\"AZ Glorieux\" \/>\n<meta property=\"article:modified_time\" content=\"2020-03-28T13:14:23+00:00\" \/>\n<meta name=\"twitter:card\" content=\"summary_large_image\" \/>\n<!-- \/ Yoast SEO plugin. -->","yoast_head_json":{"title":"Interne audits - AZ Glorieux","robots":{"index":"noindex","follow":"follow","max-snippet":"max-snippet:-1","max-image-preview":"max-image-preview:large","max-video-preview":"max-video-preview:-1"},"og_locale":"nl_NL","og_type":"article","og_title":"Interne audits - AZ Glorieux","og_description":"Om de kwaliteit en pati\u00ebntveiligheid te bevorderen, vinden er op geregelde tijdstippen interne tracers en veiligheidsrondes plaats. Tijdens een tracer...","og_url":"https:\/\/calculatie.azglorieux.be\/nl\/kwaliteit-en-patientveiligheid\/meetbare-kwaliteit\/interne-audits\/","og_site_name":"AZ Glorieux","article_modified_time":"2020-03-28T13:14:23+00:00","twitter_card":"summary_large_image","schema":{"@context":"https:\/\/schema.org","@graph":[{"@type":"WebPage","@id":"https:\/\/calculatie.azglorieux.be\/nl\/kwaliteit-en-patientveiligheid\/meetbare-kwaliteit\/interne-audits\/","url":"https:\/\/calculatie.azglorieux.be\/nl\/kwaliteit-en-patientveiligheid\/meetbare-kwaliteit\/interne-audits\/","name":"Interne audits - AZ Glorieux","isPartOf":{"@id":"https:\/\/calculatie.azglorieux.be\/nl\/#website"},"datePublished":"2020-03-28T13:04:36+00:00","dateModified":"2020-03-28T13:14:23+00:00","breadcrumb":{"@id":"https:\/\/calculatie.azglorieux.be\/nl\/kwaliteit-en-patientveiligheid\/meetbare-kwaliteit\/interne-audits\/#breadcrumb"},"inLanguage":"nl-NL","potentialAction":[{"@type":"ReadAction","target":["https:\/\/calculatie.azglorieux.be\/nl\/kwaliteit-en-patientveiligheid\/meetbare-kwaliteit\/interne-audits\/"]}]},{"@type":"BreadcrumbList","@id":"https:\/\/calculatie.azglorieux.be\/nl\/kwaliteit-en-patientveiligheid\/meetbare-kwaliteit\/interne-audits\/#breadcrumb","itemListElement":[{"@type":"ListItem","position":1,"name":"Home","item":"https:\/\/calculatie.azglorieux.be\/nl\/"},{"@type":"ListItem","position":2,"name":"Kwaliteit en pati\u00ebntveiligheid","item":"https:\/\/calculatie.azglorieux.be\/nl\/kwaliteit-en-patientveiligheid\/"},{"@type":"ListItem","position":3,"name":"Meetbare kwaliteit","item":"https:\/\/calculatie.azglorieux.be\/nl\/kwaliteit-en-patientveiligheid\/meetbare-kwaliteit\/"},{"@type":"ListItem","position":4,"name":"Interne audits"}]},{"@type":"WebSite","@id":"https:\/\/calculatie.azglorieux.be\/nl\/#website","url":"https:\/\/calculatie.azglorieux.be\/nl\/","name":"AZ Glorieux","description":"","potentialAction":[{"@type":"SearchAction","target":{"@type":"EntryPoint","urlTemplate":"https:\/\/calculatie.azglorieux.be\/nl\/?s={search_term_string}"},"query-input":"required name=search_term_string"}],"inLanguage":"nl-NL"}]}},"_links":{"self":[{"href":"https:\/\/calculatie.azglorieux.be\/nl\/wp-json\/wp\/v2\/pages\/1159"}],"collection":[{"href":"https:\/\/calculatie.azglorieux.be\/nl\/wp-json\/wp\/v2\/pages"}],"about":[{"href":"https:\/\/calculatie.azglorieux.be\/nl\/wp-json\/wp\/v2\/types\/page"}],"author":[{"embeddable":true,"href":"https:\/\/calculatie.azglorieux.be\/nl\/wp-json\/wp\/v2\/users\/4"}],"replies":[{"embeddable":true,"href":"https:\/\/calculatie.azglorieux.be\/nl\/wp-json\/wp\/v2\/comments?post=1159"}],"version-history":[{"count":0,"href":"https:\/\/calculatie.azglorieux.be\/nl\/wp-json\/wp\/v2\/pages\/1159\/revisions"}],"up":[{"embeddable":true,"href":"https:\/\/calculatie.azglorieux.be\/nl\/wp-json\/wp\/v2\/pages\/313"}],"wp:attachment":[{"href":"https:\/\/calculatie.azglorieux.be\/nl\/wp-json\/wp\/v2\/media?parent=1159"}],"curies":[{"name":"wp","href":"https:\/\/api.w.org\/{rel}","templated":true}]}}