{"id":1447,"date":"2020-03-30T14:53:19","date_gmt":"2020-03-30T12:53:19","guid":{"rendered":"https:\/\/calculatie.azglorieux.be\/?page_id=1447"},"modified":"2023-08-28T13:01:45","modified_gmt":"2023-08-28T11:01:45","slug":"rechten-en-plichten","status":"publish","type":"page","link":"https:\/\/calculatie.azglorieux.be\/nl\/patienten\/ombudsdienst\/rechten-en-plichten\/","title":{"rendered":"Rechten en plichten"},"content":{"rendered":"<div>\n<div>\n<p class=\"x_xmsonormal\">Wederzijds vertrouwen en een transparante communicatie tussen pati\u00ebnt en zorgverlener is van cruciaal belang voor het leveren van optimale zorg. Deze wederzijdse verwachtingen tussen pati\u00ebnt en zorgverlener zijn in Belgi\u00eb in 2002 wettelijk vastgelegd als rechten van de pati\u00ebnt.<\/p>\n<p>&nbsp;<\/p>\n<\/div>\n<div>\n<h3 class=\"x_xmsonormal\"><strong>Wat zijn uw rechten als pati\u00ebnt? <\/strong><\/h3>\n<\/div>\n<div>\n<ul type=\"disc\">\n<li class=\"x_xcontentpasted11\">KWALITEITSVOLLE ZORG: De zorgverlener biedt je kwaliteitsvolle zorg.<\/li>\n<li class=\"x_xcontentpasted11\">DUIDELIJKE EN VOLLEDIGE INFO: De zorgverlener geeft je duidelijke en volledige informatie.<\/li>\n<li class=\"x_xcontentpasted11\">PRIVACY: De zorgverlener respecteer je privacy.<\/li>\n<li class=\"x_xcontentpasted11\">KEUZE ZORGVERLENER: <a title=\"Originele URL: https:\/\/calculatie.azglorieux.be\/wp-content\/uploads\/2020\/10\/Gedragscode_bij_patientenverzorging.pdf. Klik of tik als u deze koppeling vertrouwt.\" href=\"https:\/\/eur04.safelinks.protection.outlook.com\/?url=https%3A%2F%2Fazglorieux.be%2Fwp-content%2Fuploads%2F2020%2F10%2FGedragscode_bij_patientenverzorging.pdf&amp;data=05%7C01%7CAstrid.Stockman%40azglorieux.be%7C4105eb06d0f84185facb08db2a0e4cbb%7C3e5f98966bf24e27b895aeb44ebd3b40%7C0%7C0%7C638150013124894034%7CUnknown%7CTWFpbGZsb3d8eyJWIjoiMC4wLjAwMDAiLCJQIjoiV2luMzIiLCJBTiI6Ik1haWwiLCJXVCI6Mn0%3D%7C3000%7C%7C%7C&amp;sdata=JyO%2FVXMDGqD57y%2FHWxQa0iDEJblu8Bo18P1JtzBwE4s%3D&amp;reserved=0\" target=\"_blank\" rel=\"noopener noreferrer\" data-auth=\"Verified\" data-linkindex=\"18\">Als pati\u00ebnt kies je vrij je zorgverlener.<\/a><\/li>\n<li class=\"x_xcontentpasted11\"><span class=\"x_xcontentpasted15\"><a href=\"https:\/\/calculatie.azglorieux.be\/nl\/patienten\/ombudsdienst\/medisch-dossier\/\">PATI\u00cbNTENDOSSIER<\/a>: Je hebt via de ombudsdienst toegang tot je pati\u00ebntendossier. De zorgverleners houden een dossier bij. <a title=\"Originele URL: https:\/\/calculatie.azglorieux.be\/wp-content\/uploads\/2022\/09\/Informatie-rond-uitsluitingen_20220831-ONLINE.pdf. Klik of tik als u deze koppeling vertrouwt.\" href=\"https:\/\/eur04.safelinks.protection.outlook.com\/?url=https%3A%2F%2Fazglorieux.be%2Fwp-content%2Fuploads%2F2022%2F09%2FInformatie-rond-uitsluitingen_20220831-ONLINE.pdf&amp;data=05%7C01%7CAstrid.Stockman%40azglorieux.be%7C4105eb06d0f84185facb08db2a0e4cbb%7C3e5f98966bf24e27b895aeb44ebd3b40%7C0%7C0%7C638150013124894034%7CUnknown%7CTWFpbGZsb3d8eyJWIjoiMC4wLjAwMDAiLCJQIjoiV2luMzIiLCJBTiI6Ik1haWwiLCJXVCI6Mn0%3D%7C3000%7C%7C%7C&amp;sdata=7KBCxooRrOX9LRfONuelRDQ7%2BCXw80WYhev5ipH4tJY%3D&amp;reserved=0\" target=\"_blank\" rel=\"noopener noreferrer\" data-auth=\"Verified\" data-linkindex=\"19\">Als pati\u00ebnt kan u bepaalde zorgverleners uitsluiten van toegang tot uw dossier.<\/a><\/span><\/li>\n<li class=\"x_xcontentpasted11\">TOESTEMMING BEHANDELING: Je geeft toestemming voor een behandeling.<\/li>\n<li class=\"x_xcontentpasted11\">OMBUDSDIENST: <span class=\"x_xcontentpasted12\">Je kan terecht bij de ombudsdienst voor opmerkingen, vragen, suggesties of klachten. Meer info: <\/span><span class=\"x_xcontentpasted12\"><a title=\"Originele URL: http:\/\/www.patientenrechten.be\/. Klik of tik als u deze koppeling vertrouwt.\" href=\"https:\/\/eur04.safelinks.protection.outlook.com\/?url=http%3A%2F%2Fwww.patientenrechten.be%2F&amp;data=05%7C01%7CAstrid.Stockman%40azglorieux.be%7C4105eb06d0f84185facb08db2a0e4cbb%7C3e5f98966bf24e27b895aeb44ebd3b40%7C0%7C0%7C638150013124894034%7CUnknown%7CTWFpbGZsb3d8eyJWIjoiMC4wLjAwMDAiLCJQIjoiV2luMzIiLCJBTiI6Ik1haWwiLCJXVCI6Mn0%3D%7C3000%7C%7C%7C&amp;sdata=opHkynj0H2YAaXTgsyvl6LbFmEwtO4UyDzR7OFoTgK4%3D&amp;reserved=0\" target=\"_blank\" rel=\"noopener noreferrer\" data-auth=\"Verified\" data-linkindex=\"20\">www.patientenrechten.be<\/a><\/span><span class=\"x_xcontentpasted12\"> en <a href=\"mailto:ombudsdienst@azglorieux.be\" target=\"_blank\" rel=\"noopener noreferrer\" data-auth=\"NotApplicable\" data-safelink=\"true\" data-linkindex=\"21\">ombudsdienst@azglorieux.be<\/a>.<\/span><\/li>\n<\/ul>\n<div><\/div>\n<div>\n<p>&nbsp;<\/p>\n<h3 class=\"x_xmsonormal\"><strong>Wat zijn uw plichten als pati\u00ebnt? <\/strong><\/h3>\n<\/div>\n<div>\n<ul type=\"disc\">\n<li class=\"x_xmsonormal\"><span class=\"x_xcontentpasted14\">CORRECT IDENTIFICEREN: Breng je identiteitskaart steeds mee naar een raadpleging of opname.<\/span><\/li>\n<li class=\"x_xmsonormal\">MEDEWERKING VERLENEN: Wees eerlijk over je gezondheidstoestand.<\/li>\n<li class=\"x_xmsonormal\">BEHANDELING BETALEN: Betaal je behandeling binnen de vastgelegde betalingstermijn.<\/li>\n<li class=\"x_xmsonormal\">ZORG DRAGEN VOOR HET MATERIAAL: Breng geen beschadiging of vervuiling toe.<\/li>\n<li class=\"x_xmsonormal\">HUISREGELS: Respecteer de privacy en rust van mede-pati\u00ebnten en volg de bezoekuren.<\/li>\n<li class=\"x_xmsonormal\">RESPECT: Fatsoen en wederzijds respect staan centraal in dit ziekenhuis.<\/li>\n<li class=\"x_xmsonormal\">FILMEN &amp; FOTOGRAFEREN: Het filmen en fotograferen van andere pati\u00ebnten is niet toegestaan. Ziekenhuismedewerkers mogen enkel gefotografeerd of in beeld gebracht worden met toestemming van de medewerker.<\/li>\n<\/ul>\n<\/div>\n<div>\n<p class=\"x_xcontentpasted17\">Uw rechten en plichten kan u terugvinden in volgende brochure: <a title=\"Originele URL: https:\/\/calculatie.azglorieux.be\/wp-content\/uploads\/2021\/08\/patientenrechten_folder_nl-2020_002.pdf. Klik of tik als u deze koppeling vertrouwt.\" href=\"https:\/\/calculatie.azglorieux.be\/wp-content\/uploads\/2023\/06\/132368-patientenrechten-148x210-NL_WEB-2023.pdf\" target=\"_blank\" rel=\"noopener noreferrer\" data-auth=\"Verified\" data-linkindex=\"22\">rechten en plichten van de pati\u00ebnt<\/a>. Bent u van oordeel\u00a0dat uw rechten als pati\u00ebnt onvoldoende ge\u00eberbiedigd werden of heeft u vragen? Dan kan u contact opnemen met de ombudsdienst. Hier kan u terecht voor het inwinnen van informatie en advies, maar ook voor een bemiddeling in situaties waarin een geschil met een zorgverlener niet in onderling overleg kan opgelost worden.<\/p>\n<div>\n<div>\n<div>\n<p class=\"x_xmsonormal\">Klik <a title=\"Originele URL: https:\/\/calculatie.azglorieux.be\/wp-content\/uploads\/2020\/08\/Ombudspersoon_NL-1.pdf. Klik of tik als u deze koppeling vertrouwt.\" href=\"https:\/\/eur04.safelinks.protection.outlook.com\/?url=https%3A%2F%2Fazglorieux.be%2Fwp-content%2Fuploads%2F2020%2F08%2FOmbudspersoon_NL-1.pdf&amp;data=05%7C01%7CAstrid.Stockman%40azglorieux.be%7C4105eb06d0f84185facb08db2a0e4cbb%7C3e5f98966bf24e27b895aeb44ebd3b40%7C0%7C0%7C638150013124894034%7CUnknown%7CTWFpbGZsb3d8eyJWIjoiMC4wLjAwMDAiLCJQIjoiV2luMzIiLCJBTiI6Ik1haWwiLCJXVCI6Mn0%3D%7C3000%7C%7C%7C&amp;sdata=wkWX%2B2SeTRoPzqQXHxzxdn0s0I8ylniyglUtKbLcyBg%3D&amp;reserved=0\" target=\"_blank\" rel=\"noopener noreferrer\" data-auth=\"Verified\" data-linkindex=\"23\">hier<\/a> voor meer informatie over de ombudsdienst.<\/p>\n<\/div>\n<\/div>\n<\/div>\n<\/div>\n<\/div>\n<\/div>\n","protected":false},"excerpt":{"rendered":"<p>Wederzijds vertrouwen en een transparante communicatie tussen pati\u00ebnt en zorgverlener is van cruciaal belang voor het leveren van optimale zorg&#8230;.<\/p>\n","protected":false},"author":4,"featured_media":2624,"parent":333,"menu_order":0,"comment_status":"closed","ping_status":"closed","template":"","meta":{"_acf_changed":false,"_relevanssi_hide_post":"","_relevanssi_hide_content":"","_relevanssi_pin_for_all":"","_relevanssi_pin_keywords":"","_relevanssi_unpin_keywords":"","_relevanssi_related_keywords":"","_relevanssi_related_include_ids":"","_relevanssi_related_exclude_ids":"","_relevanssi_related_no_append":"","_relevanssi_related_not_related":"","_relevanssi_related_posts":"","_relevanssi_noindex_reason":"","inline_featured_image":false,"_exactmetrics_skip_tracking":false,"_exactmetrics_sitenote_active":false,"_exactmetrics_sitenote_note":"","_exactmetrics_sitenote_category":0,"footnotes":"","_links_to":"","_links_to_target":""},"acf":[],"yoast_head":"<!-- This site is optimized with the Yoast SEO plugin v22.4 - https:\/\/yoast.com\/wordpress\/plugins\/seo\/ -->\n<title>Rechten en plichten - AZ Glorieux<\/title>\n<meta name=\"robots\" content=\"noindex, follow, max-snippet:-1, max-image-preview:large, max-video-preview:-1\" \/>\n<meta property=\"og:locale\" content=\"nl_NL\" \/>\n<meta property=\"og:type\" content=\"article\" \/>\n<meta property=\"og:title\" content=\"Rechten en plichten - AZ Glorieux\" \/>\n<meta property=\"og:description\" content=\"Wederzijds vertrouwen en een transparante communicatie tussen pati\u00ebnt en zorgverlener is van cruciaal belang voor het leveren van optimale zorg....\" \/>\n<meta property=\"og:url\" content=\"https:\/\/calculatie.azglorieux.be\/nl\/patienten\/ombudsdienst\/rechten-en-plichten\/\" \/>\n<meta property=\"og:site_name\" content=\"AZ Glorieux\" \/>\n<meta property=\"article:modified_time\" content=\"2023-08-28T11:01:45+00:00\" \/>\n<meta property=\"og:image\" content=\"https:\/\/calculatie.azglorieux.be\/wp-content\/uploads\/2020\/03\/AZG_SITE_INT_STILLS_1.16.1.jpg\" \/>\n\t<meta property=\"og:image:width\" content=\"2200\" \/>\n\t<meta property=\"og:image:height\" content=\"485\" \/>\n\t<meta property=\"og:image:type\" content=\"image\/jpeg\" \/>\n<meta name=\"twitter:card\" content=\"summary_large_image\" \/>\n<meta name=\"twitter:label1\" content=\"Geschatte leestijd\" \/>\n\t<meta name=\"twitter:data1\" content=\"2 minuten\" \/>\n<!-- \/ Yoast SEO plugin. -->","yoast_head_json":{"title":"Rechten en plichten - AZ Glorieux","robots":{"index":"noindex","follow":"follow","max-snippet":"max-snippet:-1","max-image-preview":"max-image-preview:large","max-video-preview":"max-video-preview:-1"},"og_locale":"nl_NL","og_type":"article","og_title":"Rechten en plichten - AZ Glorieux","og_description":"Wederzijds vertrouwen en een transparante communicatie tussen pati\u00ebnt en zorgverlener is van cruciaal belang voor het leveren van optimale zorg....","og_url":"https:\/\/calculatie.azglorieux.be\/nl\/patienten\/ombudsdienst\/rechten-en-plichten\/","og_site_name":"AZ Glorieux","article_modified_time":"2023-08-28T11:01:45+00:00","og_image":[{"width":2200,"height":485,"url":"https:\/\/calculatie.azglorieux.be\/wp-content\/uploads\/2020\/03\/AZG_SITE_INT_STILLS_1.16.1.jpg","type":"image\/jpeg"}],"twitter_card":"summary_large_image","twitter_misc":{"Geschatte leestijd":"2 minuten"},"schema":{"@context":"https:\/\/schema.org","@graph":[{"@type":"WebPage","@id":"https:\/\/calculatie.azglorieux.be\/nl\/patienten\/ombudsdienst\/rechten-en-plichten\/","url":"https:\/\/calculatie.azglorieux.be\/nl\/patienten\/ombudsdienst\/rechten-en-plichten\/","name":"Rechten en plichten - AZ Glorieux","isPartOf":{"@id":"https:\/\/calculatie.azglorieux.be\/nl\/#website"},"primaryImageOfPage":{"@id":"https:\/\/calculatie.azglorieux.be\/nl\/patienten\/ombudsdienst\/rechten-en-plichten\/#primaryimage"},"image":{"@id":"https:\/\/calculatie.azglorieux.be\/nl\/patienten\/ombudsdienst\/rechten-en-plichten\/#primaryimage"},"thumbnailUrl":"https:\/\/calculatie.azglorieux.be\/wp-content\/uploads\/2020\/03\/AZG_SITE_INT_STILLS_1.16.1.jpg","datePublished":"2020-03-30T12:53:19+00:00","dateModified":"2023-08-28T11:01:45+00:00","breadcrumb":{"@id":"https:\/\/calculatie.azglorieux.be\/nl\/patienten\/ombudsdienst\/rechten-en-plichten\/#breadcrumb"},"inLanguage":"nl-NL","potentialAction":[{"@type":"ReadAction","target":["https:\/\/calculatie.azglorieux.be\/nl\/patienten\/ombudsdienst\/rechten-en-plichten\/"]}]},{"@type":"ImageObject","inLanguage":"nl-NL","@id":"https:\/\/calculatie.azglorieux.be\/nl\/patienten\/ombudsdienst\/rechten-en-plichten\/#primaryimage","url":"https:\/\/calculatie.azglorieux.be\/wp-content\/uploads\/2020\/03\/AZG_SITE_INT_STILLS_1.16.1.jpg","contentUrl":"https:\/\/calculatie.azglorieux.be\/wp-content\/uploads\/2020\/03\/AZG_SITE_INT_STILLS_1.16.1.jpg","width":2200,"height":485},{"@type":"BreadcrumbList","@id":"https:\/\/calculatie.azglorieux.be\/nl\/patienten\/ombudsdienst\/rechten-en-plichten\/#breadcrumb","itemListElement":[{"@type":"ListItem","position":1,"name":"Home","item":"https:\/\/calculatie.azglorieux.be\/nl\/"},{"@type":"ListItem","position":2,"name":"Pati\u00ebnten","item":"https:\/\/calculatie.azglorieux.be\/nl\/patienten\/"},{"@type":"ListItem","position":3,"name":"Ombudsdienst","item":"https:\/\/calculatie.azglorieux.be\/nl\/patienten\/ombudsdienst\/"},{"@type":"ListItem","position":4,"name":"Rechten en plichten"}]},{"@type":"WebSite","@id":"https:\/\/calculatie.azglorieux.be\/nl\/#website","url":"https:\/\/calculatie.azglorieux.be\/nl\/","name":"AZ Glorieux","description":"","potentialAction":[{"@type":"SearchAction","target":{"@type":"EntryPoint","urlTemplate":"https:\/\/calculatie.azglorieux.be\/nl\/?s={search_term_string}"},"query-input":"required name=search_term_string"}],"inLanguage":"nl-NL"}]}},"_links":{"self":[{"href":"https:\/\/calculatie.azglorieux.be\/nl\/wp-json\/wp\/v2\/pages\/1447"}],"collection":[{"href":"https:\/\/calculatie.azglorieux.be\/nl\/wp-json\/wp\/v2\/pages"}],"about":[{"href":"https:\/\/calculatie.azglorieux.be\/nl\/wp-json\/wp\/v2\/types\/page"}],"author":[{"embeddable":true,"href":"https:\/\/calculatie.azglorieux.be\/nl\/wp-json\/wp\/v2\/users\/4"}],"replies":[{"embeddable":true,"href":"https:\/\/calculatie.azglorieux.be\/nl\/wp-json\/wp\/v2\/comments?post=1447"}],"version-history":[{"count":19,"href":"https:\/\/calculatie.azglorieux.be\/nl\/wp-json\/wp\/v2\/pages\/1447\/revisions"}],"predecessor-version":[{"id":9857,"href":"https:\/\/calculatie.azglorieux.be\/nl\/wp-json\/wp\/v2\/pages\/1447\/revisions\/9857"}],"up":[{"embeddable":true,"href":"https:\/\/calculatie.azglorieux.be\/nl\/wp-json\/wp\/v2\/pages\/333"}],"wp:featuredmedia":[{"embeddable":true,"href":"https:\/\/calculatie.azglorieux.be\/nl\/wp-json\/wp\/v2\/media\/2624"}],"wp:attachment":[{"href":"https:\/\/calculatie.azglorieux.be\/nl\/wp-json\/wp\/v2\/media?parent=1447"}],"curies":[{"name":"wp","href":"https:\/\/api.w.org\/{rel}","templated":true}]}}