{"id":1603,"date":"2020-04-08T17:27:36","date_gmt":"2020-04-08T15:27:36","guid":{"rendered":"https:\/\/calculatie.azglorieux.be\/?page_id=1603"},"modified":"2023-06-20T16:48:21","modified_gmt":"2023-06-20T14:48:21","slug":"kamerkeuze","status":"publish","type":"page","link":"https:\/\/calculatie.azglorieux.be\/nl\/patienten\/algemene-informatie\/kamerkeuze\/","title":{"rendered":"Kamerkeuze"},"content":{"rendered":"<p>In ons ziekenhuis kan u kiezen voor een \u00e9\u00e9npersoonskamer, een tweepersoonskamer of een meerpersoonskamer (gemeenschappelijke kamer). Wanneer u bij ons opgenomen wordt, vragen we u een opnameverklaring te ondertekenen. In dit document krijgt u onder meer gedetailleerde informatie over de financi\u00eble impact van uw kamerkeuze op de factuur. De opnameverklaring kan u <a href=\"https:\/\/calculatie.azglorieux.be\/wp-content\/uploads\/2023\/04\/Opn-verkl-klassieke-hosp_NL_041223.pdf\"><u>hier<\/u><\/a> (voor een klassieke opname) en <a href=\"https:\/\/calculatie.azglorieux.be\/wp-content\/uploads\/2023\/04\/Opn-verkl-DAG_NL_041223.pdf\"><u>hier<\/u><\/a> (voor een opname in ons dagziekenhuis) terugvinden.<\/p>\n<p>Voor consultaties en medico-technische onderzoeken (labo, radiologie, \u2026) is dit niet van toepassing.<\/p>\n<p>Kiest u voor een \u00e9\u00e9npersoonskamer, dan moet u rekening houden met kamersupplementen en ereloonsupplementen.<\/p>\n<p><span style=\"font-size: 14pt;\"><strong>Kamersupplementen<\/strong><\/span><\/p>\n<p>De huidige kamersupplementen zijn:<\/p>\n<table>\n<tbody>\n<tr>\n<td width=\"255\">Meerpersoonskamer<\/td>\n<td width=\"148\">&#8211;<\/td>\n<\/tr>\n<tr>\n<td width=\"255\">Tweepersoonskamer<\/td>\n<td width=\"148\">&#8211;<\/td>\n<\/tr>\n<tr>\n<td width=\"255\">E\u00e9npersoonskamer<\/td>\n<td width=\"148\">\u20ac 48<\/td>\n<\/tr>\n<tr>\n<td width=\"255\">E\u00e9npersoonskamer (suite materniteit)<\/td>\n<td width=\"148\">\u20ac 110<\/td>\n<\/tr>\n<\/tbody>\n<\/table>\n<p>&nbsp;<\/p>\n<p>Kiest u bij de opname van een kind samen met een begeleidende ouder voor een \u00e9\u00e9npersoonskamer? Dan rekenen we geen kamersupplementen aan. Ereloonsupplementen worden wel aangerekend.<\/p>\n<h3><strong>Ereloonsupplementen<\/strong><\/h3>\n<p>De huidige ereloonsupplementen zijn maximum 150% van de verbintenistarieven.<\/p>\n<p>Op bepaalde diensten worden geen ereloonsupplementen aangerekend: palliatieve dienst, dialyse en intensieve zorgen.<\/p>\n<h3><strong>Uitzonderingen op het aanrekenen van ereloonsupplementen<\/strong><\/h3>\n<p>In enkele uitzonderlijke situaties worden er geen kamer- en ereloonsupplementen gefactureerd:<\/p>\n<ul>\n<li>Wanneer de behandelende arts oordeelt dat een opname in een \u00e9\u00e9npersoonskamer medisch noodzakelijk is (= medische reden)<\/li>\n<li>Wanneer het gekozen kamertype (twee- of meerpersoonskamer) niet beschikbaar is en u daarom op een \u00e9\u00e9npersoonskamer verblijft.<\/li>\n<\/ul>\n<p>Het omgekeerde geldt ook: koos u voor een \u00e9\u00e9npersoonskamer maar is dit type niet beschikbaar en ligt u op een twee-\/meerspersoonskamer? Dan gelden de voorwaarden van de twee-\/meerpersoonskamer, tenzij de effectief wordt voorbehouden als \u00e9\u00e9npersoonskamer (maw dat er geen andere pati\u00ebnten op deze kamer verblijven).<\/p>\n","protected":false},"excerpt":{"rendered":"<p>In ons ziekenhuis kan u kiezen voor een \u00e9\u00e9npersoonskamer, een tweepersoonskamer of een meerpersoonskamer (gemeenschappelijke kamer). Wanneer u bij ons&#8230;<\/p>\n","protected":false},"author":4,"featured_media":0,"parent":1577,"menu_order":0,"comment_status":"closed","ping_status":"closed","template":"","meta":{"_acf_changed":false,"_relevanssi_hide_post":"","_relevanssi_hide_content":"","_relevanssi_pin_for_all":"","_relevanssi_pin_keywords":"","_relevanssi_unpin_keywords":"","_relevanssi_related_keywords":"","_relevanssi_related_include_ids":"","_relevanssi_related_exclude_ids":"","_relevanssi_related_no_append":"","_relevanssi_related_not_related":"","_relevanssi_related_posts":"","_relevanssi_noindex_reason":"","inline_featured_image":false,"_exactmetrics_skip_tracking":false,"_exactmetrics_sitenote_active":false,"_exactmetrics_sitenote_note":"","_exactmetrics_sitenote_category":0,"footnotes":"","_links_to":"","_links_to_target":""},"acf":[],"yoast_head":"<!-- This site is optimized with the Yoast SEO plugin v22.4 - https:\/\/yoast.com\/wordpress\/plugins\/seo\/ -->\n<title>Kamerkeuze - AZ Glorieux<\/title>\n<meta name=\"robots\" content=\"noindex, follow, max-snippet:-1, max-image-preview:large, max-video-preview:-1\" \/>\n<meta property=\"og:locale\" content=\"nl_NL\" \/>\n<meta property=\"og:type\" content=\"article\" \/>\n<meta property=\"og:title\" content=\"Kamerkeuze - AZ Glorieux\" \/>\n<meta property=\"og:description\" content=\"In ons ziekenhuis kan u kiezen voor een \u00e9\u00e9npersoonskamer, een tweepersoonskamer of een meerpersoonskamer (gemeenschappelijke kamer). Wanneer u bij ons...\" \/>\n<meta property=\"og:url\" content=\"https:\/\/calculatie.azglorieux.be\/nl\/patienten\/algemene-informatie\/kamerkeuze\/\" \/>\n<meta property=\"og:site_name\" content=\"AZ Glorieux\" \/>\n<meta property=\"article:modified_time\" content=\"2023-06-20T14:48:21+00:00\" \/>\n<meta name=\"twitter:card\" content=\"summary_large_image\" \/>\n<meta name=\"twitter:label1\" content=\"Geschatte leestijd\" \/>\n\t<meta name=\"twitter:data1\" content=\"2 minuten\" \/>\n<!-- \/ Yoast SEO plugin. -->","yoast_head_json":{"title":"Kamerkeuze - AZ Glorieux","robots":{"index":"noindex","follow":"follow","max-snippet":"max-snippet:-1","max-image-preview":"max-image-preview:large","max-video-preview":"max-video-preview:-1"},"og_locale":"nl_NL","og_type":"article","og_title":"Kamerkeuze - AZ Glorieux","og_description":"In ons ziekenhuis kan u kiezen voor een \u00e9\u00e9npersoonskamer, een tweepersoonskamer of een meerpersoonskamer (gemeenschappelijke kamer). Wanneer u bij ons...","og_url":"https:\/\/calculatie.azglorieux.be\/nl\/patienten\/algemene-informatie\/kamerkeuze\/","og_site_name":"AZ Glorieux","article_modified_time":"2023-06-20T14:48:21+00:00","twitter_card":"summary_large_image","twitter_misc":{"Geschatte leestijd":"2 minuten"},"schema":{"@context":"https:\/\/schema.org","@graph":[{"@type":"WebPage","@id":"https:\/\/calculatie.azglorieux.be\/nl\/patienten\/algemene-informatie\/kamerkeuze\/","url":"https:\/\/calculatie.azglorieux.be\/nl\/patienten\/algemene-informatie\/kamerkeuze\/","name":"Kamerkeuze - AZ Glorieux","isPartOf":{"@id":"https:\/\/calculatie.azglorieux.be\/nl\/#website"},"datePublished":"2020-04-08T15:27:36+00:00","dateModified":"2023-06-20T14:48:21+00:00","breadcrumb":{"@id":"https:\/\/calculatie.azglorieux.be\/nl\/patienten\/algemene-informatie\/kamerkeuze\/#breadcrumb"},"inLanguage":"nl-NL","potentialAction":[{"@type":"ReadAction","target":["https:\/\/calculatie.azglorieux.be\/nl\/patienten\/algemene-informatie\/kamerkeuze\/"]}]},{"@type":"BreadcrumbList","@id":"https:\/\/calculatie.azglorieux.be\/nl\/patienten\/algemene-informatie\/kamerkeuze\/#breadcrumb","itemListElement":[{"@type":"ListItem","position":1,"name":"Home","item":"https:\/\/calculatie.azglorieux.be\/nl\/"},{"@type":"ListItem","position":2,"name":"Pati\u00ebnten","item":"https:\/\/calculatie.azglorieux.be\/nl\/patienten\/"},{"@type":"ListItem","position":3,"name":"Algemene informatie","item":"https:\/\/calculatie.azglorieux.be\/nl\/patienten\/algemene-informatie\/betalingstermijn-hoe-betalen\/"},{"@type":"ListItem","position":4,"name":"Kamerkeuze"}]},{"@type":"WebSite","@id":"https:\/\/calculatie.azglorieux.be\/nl\/#website","url":"https:\/\/calculatie.azglorieux.be\/nl\/","name":"AZ Glorieux","description":"","potentialAction":[{"@type":"SearchAction","target":{"@type":"EntryPoint","urlTemplate":"https:\/\/calculatie.azglorieux.be\/nl\/?s={search_term_string}"},"query-input":"required name=search_term_string"}],"inLanguage":"nl-NL"}]}},"_links":{"self":[{"href":"https:\/\/calculatie.azglorieux.be\/nl\/wp-json\/wp\/v2\/pages\/1603"}],"collection":[{"href":"https:\/\/calculatie.azglorieux.be\/nl\/wp-json\/wp\/v2\/pages"}],"about":[{"href":"https:\/\/calculatie.azglorieux.be\/nl\/wp-json\/wp\/v2\/types\/page"}],"author":[{"embeddable":true,"href":"https:\/\/calculatie.azglorieux.be\/nl\/wp-json\/wp\/v2\/users\/4"}],"replies":[{"embeddable":true,"href":"https:\/\/calculatie.azglorieux.be\/nl\/wp-json\/wp\/v2\/comments?post=1603"}],"version-history":[{"count":6,"href":"https:\/\/calculatie.azglorieux.be\/nl\/wp-json\/wp\/v2\/pages\/1603\/revisions"}],"predecessor-version":[{"id":9481,"href":"https:\/\/calculatie.azglorieux.be\/nl\/wp-json\/wp\/v2\/pages\/1603\/revisions\/9481"}],"up":[{"embeddable":true,"href":"https:\/\/calculatie.azglorieux.be\/nl\/wp-json\/wp\/v2\/pages\/1577"}],"wp:attachment":[{"href":"https:\/\/calculatie.azglorieux.be\/nl\/wp-json\/wp\/v2\/media?parent=1603"}],"curies":[{"name":"wp","href":"https:\/\/api.w.org\/{rel}","templated":true}]}}