{"id":1666,"date":"2020-04-08T19:33:57","date_gmt":"2020-04-08T17:33:57","guid":{"rendered":"https:\/\/calculatie.azglorieux.be\/?page_id=1666"},"modified":"2020-07-10T16:16:09","modified_gmt":"2020-07-10T14:16:09","slug":"kamers-en-faciliteiten","status":"publish","type":"page","link":"https:\/\/calculatie.azglorieux.be\/nl\/patienten\/uw-opname\/kamers-en-faciliteiten\/","title":{"rendered":"Kamers en faciliteiten"},"content":{"rendered":"<p><strong>KAMERKEUZE<\/strong><\/p>\n<p>U kan kiezen tussen drie soorten kamers:<\/p>\n<ul>\n<li>gemeenschappelijke kamer<\/li>\n<li>tweepersoonskamer<\/li>\n<li>\u00e9\u00e9npersoonskamer<\/li>\n<\/ul>\n<p>Voor een \u00e9\u00e9npersoonskamer betaalt u een supplement. Het verschil in prijs is alleen omwille van de privacy. Voor een \u00e9\u00e9npersoonskamer vragen wij een voorschot. Indien u kiest voor een verblijf op een \u00e9\u00e9npersoonskamer, dan mogen de geneesheren een honorariumsupplement aanrekenen van maximaal 150% op het wettelijk vastgelegde tarief van de medische prestaties. Op de dienst pediatrie bestaat de mogelijkheid tot overnachting van een familielid en het gebruik van de maaltijden.<\/p>\n<p>Indien wij u, wegens plaatsgebrek, niet het kamertype van uw keuze kunnen aanbieden, zullen wij er alles aan doen om dit zo spoedig mogelijk in orde te brengen. U betaalt \u2013 in die tussentijd \u2013 het tarief van de kamer waar u voorlopig verblijft. Tijdens uw verblijf kunt u steeds uw keuze van kamertype veranderen.<\/p>\n<p>Alle kamers zijn voorzien van sanitair, radio, tv, koelkast en draadloos netwerk.<br \/>\nGelieve de geluidssterkte van tv en radio te beperken uit respect voor de medepati\u00ebnten.<\/p>\n<p><strong>MAALTIJDEN EN DRANKEN<\/strong><\/p>\n<ul>\n<li>ontbijt: tussen 07u30 en 08u00<\/li>\n<li>middagmaal: tussen 12u00 en 12u30<\/li>\n<li>avondmaal: tussen 17u00 en 18u00<\/li>\n<\/ul>\n<p>Elke dag hebt u de keuze uit verschillende menu\u2019s, waarbij rekening gehouden wordt met uw persoonlijk dieet. Bepaalde wensen of voorkeuren kan u altijd meedelen. Alcoholische dranken zijn <strong>niet <\/strong>toegelaten in het ziekenhuis.<\/p>\n","protected":false},"excerpt":{"rendered":"<p>KAMERKEUZE U kan kiezen tussen drie soorten kamers: gemeenschappelijke kamer tweepersoonskamer \u00e9\u00e9npersoonskamer Voor een \u00e9\u00e9npersoonskamer betaalt u een supplement. Het&#8230;<\/p>\n","protected":false},"author":4,"featured_media":2542,"parent":335,"menu_order":0,"comment_status":"closed","ping_status":"closed","template":"","meta":{"_acf_changed":false,"_relevanssi_hide_post":"","_relevanssi_hide_content":"","_relevanssi_pin_for_all":"","_relevanssi_pin_keywords":"","_relevanssi_unpin_keywords":"","_relevanssi_related_keywords":"","_relevanssi_related_include_ids":"","_relevanssi_related_exclude_ids":"","_relevanssi_related_no_append":"","_relevanssi_related_not_related":"","_relevanssi_related_posts":"","_relevanssi_noindex_reason":"","inline_featured_image":false,"_exactmetrics_skip_tracking":false,"_exactmetrics_sitenote_active":false,"_exactmetrics_sitenote_note":"","_exactmetrics_sitenote_category":0,"footnotes":"","_links_to":"","_links_to_target":""},"acf":[],"yoast_head":"<!-- This site is optimized with the Yoast SEO plugin v22.4 - https:\/\/yoast.com\/wordpress\/plugins\/seo\/ -->\n<title>Kamers en faciliteiten - AZ Glorieux<\/title>\n<meta name=\"robots\" content=\"noindex, follow, max-snippet:-1, max-image-preview:large, max-video-preview:-1\" \/>\n<meta property=\"og:locale\" content=\"nl_NL\" \/>\n<meta property=\"og:type\" content=\"article\" \/>\n<meta property=\"og:title\" content=\"Kamers en faciliteiten - AZ Glorieux\" \/>\n<meta property=\"og:description\" content=\"KAMERKEUZE U kan kiezen tussen drie soorten kamers: gemeenschappelijke kamer tweepersoonskamer \u00e9\u00e9npersoonskamer Voor een \u00e9\u00e9npersoonskamer betaalt u een supplement. Het...\" \/>\n<meta property=\"og:url\" content=\"https:\/\/calculatie.azglorieux.be\/nl\/patienten\/uw-opname\/kamers-en-faciliteiten\/\" \/>\n<meta property=\"og:site_name\" content=\"AZ Glorieux\" \/>\n<meta property=\"article:modified_time\" content=\"2020-07-10T14:16:09+00:00\" \/>\n<meta property=\"og:image\" content=\"https:\/\/calculatie.azglorieux.be\/wp-content\/uploads\/2020\/07\/AZG_SITE_INT_DSC_9889-e1594132577673.jpg\" \/>\n\t<meta property=\"og:image:width\" content=\"2200\" \/>\n\t<meta property=\"og:image:height\" content=\"440\" \/>\n\t<meta property=\"og:image:type\" content=\"image\/jpeg\" \/>\n<meta name=\"twitter:card\" content=\"summary_large_image\" \/>\n<meta name=\"twitter:label1\" content=\"Geschatte leestijd\" \/>\n\t<meta name=\"twitter:data1\" content=\"1 minuut\" \/>\n<!-- \/ Yoast SEO plugin. -->","yoast_head_json":{"title":"Kamers en faciliteiten - AZ Glorieux","robots":{"index":"noindex","follow":"follow","max-snippet":"max-snippet:-1","max-image-preview":"max-image-preview:large","max-video-preview":"max-video-preview:-1"},"og_locale":"nl_NL","og_type":"article","og_title":"Kamers en faciliteiten - AZ Glorieux","og_description":"KAMERKEUZE U kan kiezen tussen drie soorten kamers: gemeenschappelijke kamer tweepersoonskamer \u00e9\u00e9npersoonskamer Voor een \u00e9\u00e9npersoonskamer betaalt u een supplement. Het...","og_url":"https:\/\/calculatie.azglorieux.be\/nl\/patienten\/uw-opname\/kamers-en-faciliteiten\/","og_site_name":"AZ Glorieux","article_modified_time":"2020-07-10T14:16:09+00:00","og_image":[{"width":2200,"height":440,"url":"https:\/\/calculatie.azglorieux.be\/wp-content\/uploads\/2020\/07\/AZG_SITE_INT_DSC_9889-e1594132577673.jpg","type":"image\/jpeg"}],"twitter_card":"summary_large_image","twitter_misc":{"Geschatte leestijd":"1 minuut"},"schema":{"@context":"https:\/\/schema.org","@graph":[{"@type":"WebPage","@id":"https:\/\/calculatie.azglorieux.be\/nl\/patienten\/uw-opname\/kamers-en-faciliteiten\/","url":"https:\/\/calculatie.azglorieux.be\/nl\/patienten\/uw-opname\/kamers-en-faciliteiten\/","name":"Kamers en faciliteiten - AZ Glorieux","isPartOf":{"@id":"https:\/\/calculatie.azglorieux.be\/nl\/#website"},"primaryImageOfPage":{"@id":"https:\/\/calculatie.azglorieux.be\/nl\/patienten\/uw-opname\/kamers-en-faciliteiten\/#primaryimage"},"image":{"@id":"https:\/\/calculatie.azglorieux.be\/nl\/patienten\/uw-opname\/kamers-en-faciliteiten\/#primaryimage"},"thumbnailUrl":"https:\/\/calculatie.azglorieux.be\/wp-content\/uploads\/2020\/07\/AZG_SITE_INT_DSC_9889-e1594132577673.jpg","datePublished":"2020-04-08T17:33:57+00:00","dateModified":"2020-07-10T14:16:09+00:00","breadcrumb":{"@id":"https:\/\/calculatie.azglorieux.be\/nl\/patienten\/uw-opname\/kamers-en-faciliteiten\/#breadcrumb"},"inLanguage":"nl-NL","potentialAction":[{"@type":"ReadAction","target":["https:\/\/calculatie.azglorieux.be\/nl\/patienten\/uw-opname\/kamers-en-faciliteiten\/"]}]},{"@type":"ImageObject","inLanguage":"nl-NL","@id":"https:\/\/calculatie.azglorieux.be\/nl\/patienten\/uw-opname\/kamers-en-faciliteiten\/#primaryimage","url":"https:\/\/calculatie.azglorieux.be\/wp-content\/uploads\/2020\/07\/AZG_SITE_INT_DSC_9889-e1594132577673.jpg","contentUrl":"https:\/\/calculatie.azglorieux.be\/wp-content\/uploads\/2020\/07\/AZG_SITE_INT_DSC_9889-e1594132577673.jpg","width":2200,"height":440},{"@type":"BreadcrumbList","@id":"https:\/\/calculatie.azglorieux.be\/nl\/patienten\/uw-opname\/kamers-en-faciliteiten\/#breadcrumb","itemListElement":[{"@type":"ListItem","position":1,"name":"Home","item":"https:\/\/calculatie.azglorieux.be\/nl\/"},{"@type":"ListItem","position":2,"name":"Pati\u00ebnten","item":"https:\/\/calculatie.azglorieux.be\/nl\/patienten\/"},{"@type":"ListItem","position":3,"name":"Uw opname","item":"https:\/\/calculatie.azglorieux.be\/nl\/patienten\/uw-opname\/aanmelden-en-inschrijven-kiosken\/"},{"@type":"ListItem","position":4,"name":"Kamers en faciliteiten"}]},{"@type":"WebSite","@id":"https:\/\/calculatie.azglorieux.be\/nl\/#website","url":"https:\/\/calculatie.azglorieux.be\/nl\/","name":"AZ Glorieux","description":"","potentialAction":[{"@type":"SearchAction","target":{"@type":"EntryPoint","urlTemplate":"https:\/\/calculatie.azglorieux.be\/nl\/?s={search_term_string}"},"query-input":"required name=search_term_string"}],"inLanguage":"nl-NL"}]}},"_links":{"self":[{"href":"https:\/\/calculatie.azglorieux.be\/nl\/wp-json\/wp\/v2\/pages\/1666"}],"collection":[{"href":"https:\/\/calculatie.azglorieux.be\/nl\/wp-json\/wp\/v2\/pages"}],"about":[{"href":"https:\/\/calculatie.azglorieux.be\/nl\/wp-json\/wp\/v2\/types\/page"}],"author":[{"embeddable":true,"href":"https:\/\/calculatie.azglorieux.be\/nl\/wp-json\/wp\/v2\/users\/4"}],"replies":[{"embeddable":true,"href":"https:\/\/calculatie.azglorieux.be\/nl\/wp-json\/wp\/v2\/comments?post=1666"}],"version-history":[{"count":0,"href":"https:\/\/calculatie.azglorieux.be\/nl\/wp-json\/wp\/v2\/pages\/1666\/revisions"}],"up":[{"embeddable":true,"href":"https:\/\/calculatie.azglorieux.be\/nl\/wp-json\/wp\/v2\/pages\/335"}],"wp:featuredmedia":[{"embeddable":true,"href":"https:\/\/calculatie.azglorieux.be\/nl\/wp-json\/wp\/v2\/media\/2542"}],"wp:attachment":[{"href":"https:\/\/calculatie.azglorieux.be\/nl\/wp-json\/wp\/v2\/media?parent=1666"}],"curies":[{"name":"wp","href":"https:\/\/api.w.org\/{rel}","templated":true}]}}