{"id":2226,"date":"2020-05-06T08:41:06","date_gmt":"2020-05-06T06:41:06","guid":{"rendered":"https:\/\/calculatie.azglorieux.be\/?page_id=2226"},"modified":"2024-03-22T11:56:58","modified_gmt":"2024-03-22T09:56:58","slug":"patientparticipatie","status":"publish","type":"page","link":"https:\/\/calculatie.azglorieux.be\/nl\/patientparticipatie\/","title":{"rendered":"Pati\u00ebntenparticipatie"},"content":{"rendered":"<p>Pati\u00ebntenparticipatie wint aan belang, ook bij ons. Uit onderzoek blijkt dat de gezondheidszorg beter en effectiever is als de pati\u00ebnt actief betrokken is in de besluitvorming, op verschillende niveaus. Participatie verhoogt onder meer de therapietrouw, het effect van de behandeling, de kwaliteit van zorg en de pati\u00ebntveiligheid. Gezien pati\u00ebntparticipatie heel wat voordelen biedt aan de pati\u00ebnten zelf, aan het ziekenhuis en aan de zorgverleners, zetten wij dan ook ten volle in op de verschillende niveaus van pati\u00ebntparticipatie en dit onder de vorm van ziekenhuisbrede-, departementele- en dienstspecifieke verbeterprojecten:<\/p>\n<ol>\n<li>Informatie: er worden informatiebrochures voorzien voor de pati\u00ebnt en daarnaast werken we aan een pati\u00ebntvriendelijke website.<\/li>\n<li>Consultatie: jaarlijks doen we vrijwillig mee aan de pati\u00ebnttevredenheidsmeting van het VIKZ. We gaan aan de slag met de resultaten om onze zorg zo kwaliteitsvol mogelijk te laten verlopen.<\/li>\n<li>Advies: tenslotte is er een methodiek uitgewerkt en getest om focusgroepen te houden met pati\u00ebnten met een gelijkaardige ervaring om bepaalde processen te verbeteren. Het uitgangspunt is: peilen naar de ervaringen van de pati\u00ebnten die in aanraking gekomen zijn met ons ziekenhuis om hieruit verbeteracties te halen en deze door te voeren. Op deze manier weerklinkt de stem van de pati\u00ebnt in onze zorg.<\/li>\n<\/ol>\n<p>Interesse om te participeren of om uw ervaring te delen?<\/p>\n<p>Contactpersoon: <a href=\"mailto:kwaliteit@azglorieux.be\">kwaliteit@azglorieux.be<\/a><\/p>\n","protected":false},"excerpt":{"rendered":"<p>Pati\u00ebntenparticipatie wint aan belang, ook bij ons. Uit onderzoek blijkt dat de gezondheidszorg beter en effectiever is als de pati\u00ebnt&#8230;<\/p>\n","protected":false},"author":4,"featured_media":0,"parent":0,"menu_order":0,"comment_status":"closed","ping_status":"closed","template":"","meta":{"_acf_changed":false,"_relevanssi_hide_post":"","_relevanssi_hide_content":"","_relevanssi_pin_for_all":"","_relevanssi_pin_keywords":"","_relevanssi_unpin_keywords":"","_relevanssi_related_keywords":"","_relevanssi_related_include_ids":"","_relevanssi_related_exclude_ids":"","_relevanssi_related_no_append":"","_relevanssi_related_not_related":"","_relevanssi_related_posts":"","_relevanssi_noindex_reason":"","inline_featured_image":false,"_exactmetrics_skip_tracking":false,"_exactmetrics_sitenote_active":false,"_exactmetrics_sitenote_note":"","_exactmetrics_sitenote_category":0,"footnotes":"","_links_to":"","_links_to_target":""},"acf":[],"yoast_head":"<!-- This site is optimized with the Yoast SEO plugin v22.4 - https:\/\/yoast.com\/wordpress\/plugins\/seo\/ -->\n<title>Pati\u00ebntenparticipatie - AZ Glorieux<\/title>\n<meta name=\"robots\" content=\"noindex, follow, max-snippet:-1, max-image-preview:large, max-video-preview:-1\" \/>\n<meta property=\"og:locale\" content=\"nl_NL\" \/>\n<meta property=\"og:type\" content=\"article\" \/>\n<meta property=\"og:title\" content=\"Pati\u00ebntenparticipatie - AZ Glorieux\" \/>\n<meta property=\"og:description\" content=\"Pati\u00ebntenparticipatie wint aan belang, ook bij ons. Uit onderzoek blijkt dat de gezondheidszorg beter en effectiever is als de pati\u00ebnt...\" \/>\n<meta property=\"og:url\" content=\"https:\/\/calculatie.azglorieux.be\/nl\/patientparticipatie\/\" \/>\n<meta property=\"og:site_name\" content=\"AZ Glorieux\" \/>\n<meta property=\"article:modified_time\" content=\"2024-03-22T09:56:58+00:00\" \/>\n<meta name=\"twitter:card\" content=\"summary_large_image\" \/>\n<meta name=\"twitter:label1\" content=\"Geschatte leestijd\" \/>\n\t<meta name=\"twitter:data1\" content=\"2 minuten\" \/>\n<!-- \/ Yoast SEO plugin. -->","yoast_head_json":{"title":"Pati\u00ebntenparticipatie - AZ Glorieux","robots":{"index":"noindex","follow":"follow","max-snippet":"max-snippet:-1","max-image-preview":"max-image-preview:large","max-video-preview":"max-video-preview:-1"},"og_locale":"nl_NL","og_type":"article","og_title":"Pati\u00ebntenparticipatie - AZ Glorieux","og_description":"Pati\u00ebntenparticipatie wint aan belang, ook bij ons. Uit onderzoek blijkt dat de gezondheidszorg beter en effectiever is als de pati\u00ebnt...","og_url":"https:\/\/calculatie.azglorieux.be\/nl\/patientparticipatie\/","og_site_name":"AZ Glorieux","article_modified_time":"2024-03-22T09:56:58+00:00","twitter_card":"summary_large_image","twitter_misc":{"Geschatte leestijd":"2 minuten"},"schema":{"@context":"https:\/\/schema.org","@graph":[{"@type":"WebPage","@id":"https:\/\/calculatie.azglorieux.be\/nl\/patientparticipatie\/","url":"https:\/\/calculatie.azglorieux.be\/nl\/patientparticipatie\/","name":"Pati\u00ebntenparticipatie - AZ Glorieux","isPartOf":{"@id":"https:\/\/calculatie.azglorieux.be\/nl\/#website"},"datePublished":"2020-05-06T06:41:06+00:00","dateModified":"2024-03-22T09:56:58+00:00","breadcrumb":{"@id":"https:\/\/calculatie.azglorieux.be\/nl\/patientparticipatie\/#breadcrumb"},"inLanguage":"nl-NL","potentialAction":[{"@type":"ReadAction","target":["https:\/\/calculatie.azglorieux.be\/nl\/patientparticipatie\/"]}]},{"@type":"BreadcrumbList","@id":"https:\/\/calculatie.azglorieux.be\/nl\/patientparticipatie\/#breadcrumb","itemListElement":[{"@type":"ListItem","position":1,"name":"Home","item":"https:\/\/calculatie.azglorieux.be\/nl\/"},{"@type":"ListItem","position":2,"name":"Pati\u00ebntenparticipatie"}]},{"@type":"WebSite","@id":"https:\/\/calculatie.azglorieux.be\/nl\/#website","url":"https:\/\/calculatie.azglorieux.be\/nl\/","name":"AZ Glorieux","description":"","potentialAction":[{"@type":"SearchAction","target":{"@type":"EntryPoint","urlTemplate":"https:\/\/calculatie.azglorieux.be\/nl\/?s={search_term_string}"},"query-input":"required name=search_term_string"}],"inLanguage":"nl-NL"}]}},"_links":{"self":[{"href":"https:\/\/calculatie.azglorieux.be\/nl\/wp-json\/wp\/v2\/pages\/2226"}],"collection":[{"href":"https:\/\/calculatie.azglorieux.be\/nl\/wp-json\/wp\/v2\/pages"}],"about":[{"href":"https:\/\/calculatie.azglorieux.be\/nl\/wp-json\/wp\/v2\/types\/page"}],"author":[{"embeddable":true,"href":"https:\/\/calculatie.azglorieux.be\/nl\/wp-json\/wp\/v2\/users\/4"}],"replies":[{"embeddable":true,"href":"https:\/\/calculatie.azglorieux.be\/nl\/wp-json\/wp\/v2\/comments?post=2226"}],"version-history":[{"count":2,"href":"https:\/\/calculatie.azglorieux.be\/nl\/wp-json\/wp\/v2\/pages\/2226\/revisions"}],"predecessor-version":[{"id":11036,"href":"https:\/\/calculatie.azglorieux.be\/nl\/wp-json\/wp\/v2\/pages\/2226\/revisions\/11036"}],"wp:attachment":[{"href":"https:\/\/calculatie.azglorieux.be\/nl\/wp-json\/wp\/v2\/media?parent=2226"}],"curies":[{"name":"wp","href":"https:\/\/api.w.org\/{rel}","templated":true}]}}