{"id":321,"date":"2020-02-17T08:22:11","date_gmt":"2020-02-17T06:22:11","guid":{"rendered":"https:\/\/calculatie.azglorieux.be\/?page_id=321"},"modified":"2024-03-22T11:42:57","modified_gmt":"2024-03-22T09:42:57","slug":"verbetersuggesties","status":"publish","type":"page","link":"https:\/\/calculatie.azglorieux.be\/nl\/kwaliteit-en-patientveiligheid\/meetbare-kwaliteit\/verbetersuggesties\/","title":{"rendered":"Verbetersuggesties"},"content":{"rendered":"<p>Heeft u een suggestie of bezorgdheid over kwaliteit en pati\u00ebntveiligheid? Dan kan u dit hier kwijt.<\/p>\n<p>Het kan gaan om volgende vragen:<\/p>\n<ul>\n<li>Heeft u een idee over hoe we het comfort van de pati\u00ebnt kunnen verbeteren?<\/li>\n<li>Hoe kunnen we de communicatie tussen huisartsen en ons ziekenhuis verbeteren?<\/li>\n<li>Hoe kunnen we de pati\u00ebntveiligheid verbeteren\/incidenten voorkomen?<\/li>\n<li>\u2026<\/li>\n<\/ul>\n<p>U kan hiervoor een mailtje sturen <a href=\"mailto:kwaliteit@azglorieux.be\">kwaliteit@azglorieux.be<\/a>. Alle verbetersuggesties worden intern besproken en ge\u00ebvalueerd i.f.v. haalbaarheid en meerwaarde voor de pati\u00ebnt. In de mate van het mogelijke trachten wij de pati\u00ebnt die een verbetersuggestie meldt, ook feedback te bezorgen.<\/p>\n<p>Heeft u als pati\u00ebnt wel concrete verwachtingen t.a.v. het ziekenhuis en\/of zijn medewerkers, dan verwijzen wij\u00a0u graag door naar de ombudsdienst om\u00a0<a href=\"https:\/\/calculatie.azglorieux.be\/nl\/patienten\/ombudsdienst\/meldingen-en-klachten\/\">uw suggestie te melden<\/a>.<\/p>\n<p>AZ Glorieux is een ziekenhuis dat door Joint Commission International geaccrediteerd werd via een streng internationaal kwaliteitslabel. U kan desgewenst ook een bezorgdheid over kwaliteit en pati\u00ebntveiligheid doorgeven aan deze organisatie op het e-mailadres <a href=\"mailto:jciaccreditation@jcrinc.com\">jciaccreditation@jcrinc.com<\/a>.<\/p>\n<p>Dankzij\u00a0uw mening kunnen wij waar nodig onze dienstverlening bijsturen. Alvast bedankt voor\u00a0uw inbreng!<\/p>\n","protected":false},"excerpt":{"rendered":"<p>Heeft u een suggestie of bezorgdheid over kwaliteit en pati\u00ebntveiligheid? Dan kan u dit hier kwijt. Het kan gaan om&#8230;<\/p>\n","protected":false},"author":4,"featured_media":0,"parent":313,"menu_order":0,"comment_status":"closed","ping_status":"closed","template":"","meta":{"_acf_changed":false,"_relevanssi_hide_post":"","_relevanssi_hide_content":"","_relevanssi_pin_for_all":"","_relevanssi_pin_keywords":"","_relevanssi_unpin_keywords":"","_relevanssi_related_keywords":"","_relevanssi_related_include_ids":"","_relevanssi_related_exclude_ids":"","_relevanssi_related_no_append":"","_relevanssi_related_not_related":"","_relevanssi_related_posts":"","_relevanssi_noindex_reason":"","inline_featured_image":false,"_exactmetrics_skip_tracking":false,"_exactmetrics_sitenote_active":false,"_exactmetrics_sitenote_note":"","_exactmetrics_sitenote_category":0,"footnotes":"","_links_to":"","_links_to_target":""},"acf":[],"yoast_head":"<!-- This site is optimized with the Yoast SEO plugin v22.4 - https:\/\/yoast.com\/wordpress\/plugins\/seo\/ -->\n<title>Verbetersuggesties - AZ Glorieux<\/title>\n<meta name=\"robots\" content=\"noindex, follow, max-snippet:-1, max-image-preview:large, max-video-preview:-1\" \/>\n<meta property=\"og:locale\" content=\"nl_NL\" \/>\n<meta property=\"og:type\" content=\"article\" \/>\n<meta property=\"og:title\" content=\"Verbetersuggesties - AZ Glorieux\" \/>\n<meta property=\"og:description\" content=\"Heeft u een suggestie of bezorgdheid over kwaliteit en pati\u00ebntveiligheid? Dan kan u dit hier kwijt. Het kan gaan om...\" \/>\n<meta property=\"og:url\" content=\"https:\/\/calculatie.azglorieux.be\/nl\/kwaliteit-en-patientveiligheid\/meetbare-kwaliteit\/verbetersuggesties\/\" \/>\n<meta property=\"og:site_name\" content=\"AZ Glorieux\" \/>\n<meta property=\"article:modified_time\" content=\"2024-03-22T09:42:57+00:00\" \/>\n<meta name=\"twitter:card\" content=\"summary_large_image\" \/>\n<meta name=\"twitter:label1\" content=\"Geschatte leestijd\" \/>\n\t<meta name=\"twitter:data1\" content=\"1 minuut\" \/>\n<!-- \/ Yoast SEO plugin. -->","yoast_head_json":{"title":"Verbetersuggesties - AZ Glorieux","robots":{"index":"noindex","follow":"follow","max-snippet":"max-snippet:-1","max-image-preview":"max-image-preview:large","max-video-preview":"max-video-preview:-1"},"og_locale":"nl_NL","og_type":"article","og_title":"Verbetersuggesties - AZ Glorieux","og_description":"Heeft u een suggestie of bezorgdheid over kwaliteit en pati\u00ebntveiligheid? Dan kan u dit hier kwijt. Het kan gaan om...","og_url":"https:\/\/calculatie.azglorieux.be\/nl\/kwaliteit-en-patientveiligheid\/meetbare-kwaliteit\/verbetersuggesties\/","og_site_name":"AZ Glorieux","article_modified_time":"2024-03-22T09:42:57+00:00","twitter_card":"summary_large_image","twitter_misc":{"Geschatte leestijd":"1 minuut"},"schema":{"@context":"https:\/\/schema.org","@graph":[{"@type":"WebPage","@id":"https:\/\/calculatie.azglorieux.be\/nl\/kwaliteit-en-patientveiligheid\/meetbare-kwaliteit\/verbetersuggesties\/","url":"https:\/\/calculatie.azglorieux.be\/nl\/kwaliteit-en-patientveiligheid\/meetbare-kwaliteit\/verbetersuggesties\/","name":"Verbetersuggesties - AZ Glorieux","isPartOf":{"@id":"https:\/\/calculatie.azglorieux.be\/nl\/#website"},"datePublished":"2020-02-17T06:22:11+00:00","dateModified":"2024-03-22T09:42:57+00:00","breadcrumb":{"@id":"https:\/\/calculatie.azglorieux.be\/nl\/kwaliteit-en-patientveiligheid\/meetbare-kwaliteit\/verbetersuggesties\/#breadcrumb"},"inLanguage":"nl-NL","potentialAction":[{"@type":"ReadAction","target":["https:\/\/calculatie.azglorieux.be\/nl\/kwaliteit-en-patientveiligheid\/meetbare-kwaliteit\/verbetersuggesties\/"]}]},{"@type":"BreadcrumbList","@id":"https:\/\/calculatie.azglorieux.be\/nl\/kwaliteit-en-patientveiligheid\/meetbare-kwaliteit\/verbetersuggesties\/#breadcrumb","itemListElement":[{"@type":"ListItem","position":1,"name":"Home","item":"https:\/\/calculatie.azglorieux.be\/nl\/"},{"@type":"ListItem","position":2,"name":"Kwaliteit en pati\u00ebntveiligheid","item":"https:\/\/calculatie.azglorieux.be\/nl\/kwaliteit-en-patientveiligheid\/"},{"@type":"ListItem","position":3,"name":"Meetbare kwaliteit","item":"https:\/\/calculatie.azglorieux.be\/nl\/kwaliteit-en-patientveiligheid\/meetbare-kwaliteit\/"},{"@type":"ListItem","position":4,"name":"Verbetersuggesties"}]},{"@type":"WebSite","@id":"https:\/\/calculatie.azglorieux.be\/nl\/#website","url":"https:\/\/calculatie.azglorieux.be\/nl\/","name":"AZ Glorieux","description":"","potentialAction":[{"@type":"SearchAction","target":{"@type":"EntryPoint","urlTemplate":"https:\/\/calculatie.azglorieux.be\/nl\/?s={search_term_string}"},"query-input":"required name=search_term_string"}],"inLanguage":"nl-NL"}]}},"_links":{"self":[{"href":"https:\/\/calculatie.azglorieux.be\/nl\/wp-json\/wp\/v2\/pages\/321"}],"collection":[{"href":"https:\/\/calculatie.azglorieux.be\/nl\/wp-json\/wp\/v2\/pages"}],"about":[{"href":"https:\/\/calculatie.azglorieux.be\/nl\/wp-json\/wp\/v2\/types\/page"}],"author":[{"embeddable":true,"href":"https:\/\/calculatie.azglorieux.be\/nl\/wp-json\/wp\/v2\/users\/4"}],"replies":[{"embeddable":true,"href":"https:\/\/calculatie.azglorieux.be\/nl\/wp-json\/wp\/v2\/comments?post=321"}],"version-history":[{"count":3,"href":"https:\/\/calculatie.azglorieux.be\/nl\/wp-json\/wp\/v2\/pages\/321\/revisions"}],"predecessor-version":[{"id":11030,"href":"https:\/\/calculatie.azglorieux.be\/nl\/wp-json\/wp\/v2\/pages\/321\/revisions\/11030"}],"up":[{"embeddable":true,"href":"https:\/\/calculatie.azglorieux.be\/nl\/wp-json\/wp\/v2\/pages\/313"}],"wp:attachment":[{"href":"https:\/\/calculatie.azglorieux.be\/nl\/wp-json\/wp\/v2\/media?parent=321"}],"curies":[{"name":"wp","href":"https:\/\/api.w.org\/{rel}","templated":true}]}}