{"id":3433,"date":"2020-02-14T14:19:15","date_gmt":"2020-02-14T12:19:15","guid":{"rendered":"https:\/\/calculatie.azglorieux.be\/over-az-glorieux\/waarden\/"},"modified":"2020-08-20T16:25:26","modified_gmt":"2020-08-20T14:25:26","slug":"waarden","status":"publish","type":"page","link":"https:\/\/calculatie.azglorieux.be\/nl\/over-az-glorieux\/waarden\/","title":{"rendered":"Waarden"},"content":{"rendered":"<p>Hoofd, handen en hart in de gezondheidszorg\u2026 zijn onlosmakelijk verbonden met kwaliteitsvolle zorgverstrekking. Onze medewerkers zetten zich gepassioneerd in voor hun pati\u00ebnten en collega\u2019s (hart), nemen op elk moment de juiste beslissingen (hoofd) en weten van aanpakken (handen).<\/p>\n<p>In az Glorieux staat de pati\u00ebnt centraal. Adequate hulpverlening op alle mogelijke vlakken is onze doelstelling. Van onszelf en onze medewerkers verwachten we steeds een helpende hand. Om op het juiste moment het hoofd koel te houden en in overleg met de pati\u00ebnt, familie en collega\u2019s de juiste beslissingen te nemen.<\/p>\n<p>Door het stimuleren van effici\u00ebnte en professionele zorg garanderen we de pati\u00ebntveiligheid en de hoge kwaliteit van onze zorgverlening. We omringen de pati\u00ebnt met de juiste zorg en met aandacht en warmte.<\/p>\n<p>Met respect en waardering voor alle betrokkenen, streven we zes kernwaarden na die gedragen worden door elke medewerker.<\/p>\n","protected":false},"excerpt":{"rendered":"<p>Hoofd, handen en hart in de gezondheidszorg\u2026 zijn onlosmakelijk verbonden met kwaliteitsvolle zorgverstrekking. Onze medewerkers zetten zich gepassioneerd in voor&#8230;<\/p>\n","protected":false},"author":4,"featured_media":0,"parent":267,"menu_order":0,"comment_status":"closed","ping_status":"closed","template":"","meta":{"_acf_changed":false,"_relevanssi_hide_post":"","_relevanssi_hide_content":"","_relevanssi_pin_for_all":"","_relevanssi_pin_keywords":"","_relevanssi_unpin_keywords":"","_relevanssi_related_keywords":"","_relevanssi_related_include_ids":"","_relevanssi_related_exclude_ids":"","_relevanssi_related_no_append":"","_relevanssi_related_not_related":"","_relevanssi_related_posts":"","_relevanssi_noindex_reason":"","inline_featured_image":false,"_exactmetrics_skip_tracking":false,"_exactmetrics_sitenote_active":false,"_exactmetrics_sitenote_note":"","_exactmetrics_sitenote_category":0,"footnotes":"","_links_to":"","_links_to_target":""},"acf":[],"yoast_head":"<!-- This site is optimized with the Yoast SEO plugin v22.4 - https:\/\/yoast.com\/wordpress\/plugins\/seo\/ -->\n<title>Waarden - AZ Glorieux<\/title>\n<meta name=\"robots\" content=\"noindex, follow, max-snippet:-1, max-image-preview:large, max-video-preview:-1\" \/>\n<meta property=\"og:locale\" content=\"nl_NL\" \/>\n<meta property=\"og:type\" content=\"article\" \/>\n<meta property=\"og:title\" content=\"Waarden - AZ Glorieux\" \/>\n<meta property=\"og:description\" content=\"Hoofd, handen en hart in de gezondheidszorg\u2026 zijn onlosmakelijk verbonden met kwaliteitsvolle zorgverstrekking. Onze medewerkers zetten zich gepassioneerd in voor...\" \/>\n<meta property=\"og:url\" content=\"https:\/\/calculatie.azglorieux.be\/nl\/over-az-glorieux\/waarden\/\" \/>\n<meta property=\"og:site_name\" content=\"AZ Glorieux\" \/>\n<meta property=\"article:modified_time\" content=\"2020-08-20T14:25:26+00:00\" \/>\n<meta name=\"twitter:card\" content=\"summary_large_image\" \/>\n<meta name=\"twitter:label1\" content=\"Geschatte leestijd\" \/>\n\t<meta name=\"twitter:data1\" content=\"1 minuut\" \/>\n<!-- \/ Yoast SEO plugin. -->","yoast_head_json":{"title":"Waarden - AZ Glorieux","robots":{"index":"noindex","follow":"follow","max-snippet":"max-snippet:-1","max-image-preview":"max-image-preview:large","max-video-preview":"max-video-preview:-1"},"og_locale":"nl_NL","og_type":"article","og_title":"Waarden - AZ Glorieux","og_description":"Hoofd, handen en hart in de gezondheidszorg\u2026 zijn onlosmakelijk verbonden met kwaliteitsvolle zorgverstrekking. Onze medewerkers zetten zich gepassioneerd in voor...","og_url":"https:\/\/calculatie.azglorieux.be\/nl\/over-az-glorieux\/waarden\/","og_site_name":"AZ Glorieux","article_modified_time":"2020-08-20T14:25:26+00:00","twitter_card":"summary_large_image","twitter_misc":{"Geschatte leestijd":"1 minuut"},"schema":{"@context":"https:\/\/schema.org","@graph":[{"@type":"WebPage","@id":"https:\/\/calculatie.azglorieux.be\/nl\/over-az-glorieux\/waarden\/","url":"https:\/\/calculatie.azglorieux.be\/nl\/over-az-glorieux\/waarden\/","name":"Waarden - AZ Glorieux","isPartOf":{"@id":"https:\/\/calculatie.azglorieux.be\/nl\/#website"},"datePublished":"2020-02-14T12:19:15+00:00","dateModified":"2020-08-20T14:25:26+00:00","breadcrumb":{"@id":"https:\/\/calculatie.azglorieux.be\/nl\/over-az-glorieux\/waarden\/#breadcrumb"},"inLanguage":"nl-NL","potentialAction":[{"@type":"ReadAction","target":["https:\/\/calculatie.azglorieux.be\/nl\/over-az-glorieux\/waarden\/"]}]},{"@type":"BreadcrumbList","@id":"https:\/\/calculatie.azglorieux.be\/nl\/over-az-glorieux\/waarden\/#breadcrumb","itemListElement":[{"@type":"ListItem","position":1,"name":"Home","item":"https:\/\/calculatie.azglorieux.be\/nl\/"},{"@type":"ListItem","position":2,"name":"Over AZ Glorieux","item":"https:\/\/calculatie.azglorieux.be\/nl\/over-az-glorieux\/"},{"@type":"ListItem","position":3,"name":"Waarden"}]},{"@type":"WebSite","@id":"https:\/\/calculatie.azglorieux.be\/nl\/#website","url":"https:\/\/calculatie.azglorieux.be\/nl\/","name":"AZ Glorieux","description":"","potentialAction":[{"@type":"SearchAction","target":{"@type":"EntryPoint","urlTemplate":"https:\/\/calculatie.azglorieux.be\/nl\/?s={search_term_string}"},"query-input":"required name=search_term_string"}],"inLanguage":"nl-NL"}]}},"_links":{"self":[{"href":"https:\/\/calculatie.azglorieux.be\/nl\/wp-json\/wp\/v2\/pages\/3433"}],"collection":[{"href":"https:\/\/calculatie.azglorieux.be\/nl\/wp-json\/wp\/v2\/pages"}],"about":[{"href":"https:\/\/calculatie.azglorieux.be\/nl\/wp-json\/wp\/v2\/types\/page"}],"author":[{"embeddable":true,"href":"https:\/\/calculatie.azglorieux.be\/nl\/wp-json\/wp\/v2\/users\/4"}],"replies":[{"embeddable":true,"href":"https:\/\/calculatie.azglorieux.be\/nl\/wp-json\/wp\/v2\/comments?post=3433"}],"version-history":[{"count":0,"href":"https:\/\/calculatie.azglorieux.be\/nl\/wp-json\/wp\/v2\/pages\/3433\/revisions"}],"up":[{"embeddable":true,"href":"https:\/\/calculatie.azglorieux.be\/nl\/wp-json\/wp\/v2\/pages\/267"}],"wp:attachment":[{"href":"https:\/\/calculatie.azglorieux.be\/nl\/wp-json\/wp\/v2\/media?parent=3433"}],"curies":[{"name":"wp","href":"https:\/\/api.w.org\/{rel}","templated":true}]}}