{"id":8986,"date":"2023-03-21T10:54:56","date_gmt":"2023-03-21T08:54:56","guid":{"rendered":"https:\/\/calculatie.azglorieux.be\/?page_id=8986"},"modified":"2023-03-22T11:13:36","modified_gmt":"2023-03-22T09:13:36","slug":"patientenrechtenwet","status":"publish","type":"page","link":"https:\/\/calculatie.azglorieux.be\/nl\/patienten\/ombudsdienst\/patientenrechtenwet\/","title":{"rendered":"Pati\u00ebntenrechtenwet"},"content":{"rendered":"<p>De pati\u00ebnt heeft het recht om van het ziekenhuis zowel algemene als ge\u00efndividualiseerde informatie te ontvangen over de aard van de rechtsverhoudingen tussen het ziekenhuis en de zorgverleners die er werken.<\/p>\n<h3>1. De algemene informatie<\/h3>\n<p>De verpleegkundigen, de vroedkundigen, de zorgkundigen, de kinesitherapeuten, de apothekers en de andere paramedici hebben een contractuele rechtsverhouding met het ziekenhuis. Zij zijn werknemers van het ziekenhuis.<\/p>\n<p>De artsen zijn zelfstandigen.<\/p>\n<p>De arts-specialisten in opleiding hebben geen contractuele rechtsverhouding met het ziekenhuis.<\/p>\n<p>De artsen werkzaam in het ziekenhuis zijn persoonlijk en onbeperkt aansprakelijk voor gebeurlijke fouten, tekortkomingen of onzorgvuldigheden in de uitoefening van hun kunde. Het ziekenhuis is echter niet aansprakelijk voor de tekortkomingen begaan door de artsen die in het ziekenhuis werkzaam zijn in verband met de eerbiediging van de pati\u00ebntenrechten.<\/p>\n<h3>2. De ge\u00efndividualiseerde informatie<\/h3>\n<p>De ge\u00efndividualiseerde informatie betreft de informatie omtrent het statuut van een welbepaalde beroepsbeoefenaar. Deze informatie vermeldt eveneens of het ziekenhuis haar aansprakelijkheid met betrekking tot de betreffende beroepsbeoefenaar uitsluit.<\/p>\n<p>De ge\u00efndividualiseerde informatie kan worden opgevraagd bij<\/p>\n<p>De ombudsdienst: <a href=\"tel:055233030\">055 23 30 30<\/a> of via mail: <a href=\"mailto:ombudsdienst@azglorieux.be\">ombudsdienst@azglorieux.be<\/a><\/p>\n<p>De dienst opname en onthaal: <a href=\"tel:055233625\">055 23 36 25<\/a> of via mail: <a href=\"mailto:opname@azglorieux.be\">opname@azglorieux.be<\/a><\/p>\n","protected":false},"excerpt":{"rendered":"<p>De pati\u00ebnt heeft het recht om van het ziekenhuis zowel algemene als ge\u00efndividualiseerde informatie te ontvangen over de aard van&#8230;<\/p>\n","protected":false},"author":9,"featured_media":0,"parent":333,"menu_order":0,"comment_status":"closed","ping_status":"closed","template":"","meta":{"_acf_changed":false,"_relevanssi_hide_post":"","_relevanssi_hide_content":"","_relevanssi_pin_for_all":"","_relevanssi_pin_keywords":"","_relevanssi_unpin_keywords":"","_relevanssi_related_keywords":"","_relevanssi_related_include_ids":"","_relevanssi_related_exclude_ids":"","_relevanssi_related_no_append":"","_relevanssi_related_not_related":"","_relevanssi_related_posts":"","_relevanssi_noindex_reason":"","inline_featured_image":false,"_exactmetrics_skip_tracking":false,"_exactmetrics_sitenote_active":false,"_exactmetrics_sitenote_note":"","_exactmetrics_sitenote_category":0,"footnotes":"","_links_to":"","_links_to_target":""},"acf":[],"yoast_head":"<!-- This site is optimized with the Yoast SEO plugin v22.4 - https:\/\/yoast.com\/wordpress\/plugins\/seo\/ -->\n<title>Pati\u00ebntenrechtenwet - AZ Glorieux<\/title>\n<meta name=\"robots\" content=\"noindex, follow, max-snippet:-1, max-image-preview:large, max-video-preview:-1\" \/>\n<meta property=\"og:locale\" content=\"nl_NL\" \/>\n<meta property=\"og:type\" content=\"article\" \/>\n<meta property=\"og:title\" content=\"Pati\u00ebntenrechtenwet - AZ Glorieux\" \/>\n<meta property=\"og:description\" content=\"De pati\u00ebnt heeft het recht om van het ziekenhuis zowel algemene als ge\u00efndividualiseerde informatie te ontvangen over de aard van...\" \/>\n<meta property=\"og:url\" content=\"https:\/\/calculatie.azglorieux.be\/nl\/patienten\/ombudsdienst\/patientenrechtenwet\/\" \/>\n<meta property=\"og:site_name\" content=\"AZ Glorieux\" \/>\n<meta property=\"article:modified_time\" content=\"2023-03-22T09:13:36+00:00\" \/>\n<meta name=\"twitter:card\" content=\"summary_large_image\" \/>\n<meta name=\"twitter:label1\" content=\"Geschatte leestijd\" \/>\n\t<meta name=\"twitter:data1\" content=\"1 minuut\" \/>\n<!-- \/ Yoast SEO plugin. -->","yoast_head_json":{"title":"Pati\u00ebntenrechtenwet - AZ Glorieux","robots":{"index":"noindex","follow":"follow","max-snippet":"max-snippet:-1","max-image-preview":"max-image-preview:large","max-video-preview":"max-video-preview:-1"},"og_locale":"nl_NL","og_type":"article","og_title":"Pati\u00ebntenrechtenwet - AZ Glorieux","og_description":"De pati\u00ebnt heeft het recht om van het ziekenhuis zowel algemene als ge\u00efndividualiseerde informatie te ontvangen over de aard van...","og_url":"https:\/\/calculatie.azglorieux.be\/nl\/patienten\/ombudsdienst\/patientenrechtenwet\/","og_site_name":"AZ Glorieux","article_modified_time":"2023-03-22T09:13:36+00:00","twitter_card":"summary_large_image","twitter_misc":{"Geschatte leestijd":"1 minuut"},"schema":{"@context":"https:\/\/schema.org","@graph":[{"@type":"WebPage","@id":"https:\/\/calculatie.azglorieux.be\/nl\/patienten\/ombudsdienst\/patientenrechtenwet\/","url":"https:\/\/calculatie.azglorieux.be\/nl\/patienten\/ombudsdienst\/patientenrechtenwet\/","name":"Pati\u00ebntenrechtenwet - AZ Glorieux","isPartOf":{"@id":"https:\/\/calculatie.azglorieux.be\/nl\/#website"},"datePublished":"2023-03-21T08:54:56+00:00","dateModified":"2023-03-22T09:13:36+00:00","breadcrumb":{"@id":"https:\/\/calculatie.azglorieux.be\/nl\/patienten\/ombudsdienst\/patientenrechtenwet\/#breadcrumb"},"inLanguage":"nl-NL","potentialAction":[{"@type":"ReadAction","target":["https:\/\/calculatie.azglorieux.be\/nl\/patienten\/ombudsdienst\/patientenrechtenwet\/"]}]},{"@type":"BreadcrumbList","@id":"https:\/\/calculatie.azglorieux.be\/nl\/patienten\/ombudsdienst\/patientenrechtenwet\/#breadcrumb","itemListElement":[{"@type":"ListItem","position":1,"name":"Home","item":"https:\/\/calculatie.azglorieux.be\/nl\/"},{"@type":"ListItem","position":2,"name":"Pati\u00ebnten","item":"https:\/\/calculatie.azglorieux.be\/nl\/patienten\/"},{"@type":"ListItem","position":3,"name":"Ombudsdienst","item":"https:\/\/calculatie.azglorieux.be\/nl\/patienten\/ombudsdienst\/"},{"@type":"ListItem","position":4,"name":"Pati\u00ebntenrechtenwet"}]},{"@type":"WebSite","@id":"https:\/\/calculatie.azglorieux.be\/nl\/#website","url":"https:\/\/calculatie.azglorieux.be\/nl\/","name":"AZ Glorieux","description":"","potentialAction":[{"@type":"SearchAction","target":{"@type":"EntryPoint","urlTemplate":"https:\/\/calculatie.azglorieux.be\/nl\/?s={search_term_string}"},"query-input":"required name=search_term_string"}],"inLanguage":"nl-NL"}]}},"_links":{"self":[{"href":"https:\/\/calculatie.azglorieux.be\/nl\/wp-json\/wp\/v2\/pages\/8986"}],"collection":[{"href":"https:\/\/calculatie.azglorieux.be\/nl\/wp-json\/wp\/v2\/pages"}],"about":[{"href":"https:\/\/calculatie.azglorieux.be\/nl\/wp-json\/wp\/v2\/types\/page"}],"author":[{"embeddable":true,"href":"https:\/\/calculatie.azglorieux.be\/nl\/wp-json\/wp\/v2\/users\/9"}],"replies":[{"embeddable":true,"href":"https:\/\/calculatie.azglorieux.be\/nl\/wp-json\/wp\/v2\/comments?post=8986"}],"version-history":[{"count":2,"href":"https:\/\/calculatie.azglorieux.be\/nl\/wp-json\/wp\/v2\/pages\/8986\/revisions"}],"predecessor-version":[{"id":9103,"href":"https:\/\/calculatie.azglorieux.be\/nl\/wp-json\/wp\/v2\/pages\/8986\/revisions\/9103"}],"up":[{"embeddable":true,"href":"https:\/\/calculatie.azglorieux.be\/nl\/wp-json\/wp\/v2\/pages\/333"}],"wp:attachment":[{"href":"https:\/\/calculatie.azglorieux.be\/nl\/wp-json\/wp\/v2\/media?parent=8986"}],"curies":[{"name":"wp","href":"https:\/\/api.w.org\/{rel}","templated":true}]}}